{"id":3600,"date":"2024-04-17T13:40:27","date_gmt":"2024-04-17T11:40:27","guid":{"rendered":"https:\/\/www.scarabee.com\/?page_id=3600"},"modified":"2024-09-12T14:57:11","modified_gmt":"2024-09-12T12:57:11","slug":"software","status":"publish","type":"page","link":"https:\/\/www.scarabee.com\/de\/software\/","title":{"rendered":"Software"},"content":{"rendered":"\n<p>BagDrop verf\u00fcgt \u00fcber firmeninternes Fachwissen in allen wichtigen Aspekten der Softwareentwicklung.<\/p>\n\n\n\n<p>Bereits in den fr\u00fchen Definitionsphasen wird das Softwareentwicklungsteam von BagDrop in Ihr Projekt eingebunden. Ab dieser ersten Entdeckungsphase wird BagDrop eine von drei typischen L\u00f6sungswegen empfehlen, anbieten und verwalten:<\/p>\n\n\n\n<ul class=\"wp-block-list\">\n<li>Vorhandene Code-Module anpassen<\/li>\n\n\n\n<li>V\u00f6llig neuen Code erstellen<\/li>\n\n\n\n<li>Unterst\u00fctzung des internen IT-Teams des Kunden oder eines externen Entwicklungsteams<\/li>\n<\/ul>\n","protected":false},"excerpt":{"rendered":"<p>BagDrop verf\u00fcgt \u00fcber firmeninternes Fachwissen in allen wichtigen Aspekten der Softwareentwicklung. Bereits in den fr\u00fchen Definitionsphasen wird das Softwareentwicklungsteam von BagDrop in Ihr Projekt eingebunden. Ab dieser ersten Entdeckungsphase wird BagDrop eine von drei typischen L\u00f6sungswegen empfehlen, anbieten und verwalten:<\/p>\n","protected":false},"author":1,"featured_media":2606,"parent":0,"menu_order":0,"comment_status":"closed","ping_status":"closed","template":"","meta":{"_acf_changed":false,"_uag_custom_page_level_css":"","footnotes":""},"class_list":["post-3600","page","type-page","status-publish","has-post-thumbnail","hentry"],"acf":[],"yoast_head":"<!-- This site is optimized with the Yoast SEO plugin v24.4 - https:\/\/yoast.com\/wordpress\/plugins\/seo\/ -->\n<title>Software | Daifuku Airport Netherlands |<\/title>\n<meta name=\"robots\" content=\"index, follow, max-snippet:-1, max-image-preview:large, max-video-preview:-1\" \/>\n<link rel=\"canonical\" href=\"https:\/\/www.scarabee.com\/de\/software\/\" \/>\n<meta property=\"og:locale\" content=\"de_DE\" \/>\n<meta property=\"og:type\" content=\"article\" \/>\n<meta property=\"og:title\" content=\"Software | Daifuku Airport Netherlands |\" \/>\n<meta property=\"og:description\" content=\"BagDrop verf\u00fcgt \u00fcber firmeninternes Fachwissen in allen wichtigen Aspekten der Softwareentwicklung. Bereits in den fr\u00fchen Definitionsphasen wird das Softwareentwicklungsteam von BagDrop in Ihr Projekt eingebunden. Ab dieser ersten Entdeckungsphase wird BagDrop eine von drei typischen L\u00f6sungswegen empfehlen, anbieten und verwalten:\" \/>\n<meta property=\"og:url\" content=\"https:\/\/www.scarabee.com\/de\/software\/\" \/>\n<meta property=\"og:site_name\" content=\"Daifuku Airport Netherlands\" \/>\n<meta property=\"article:modified_time\" content=\"2024-09-12T12:57:11+00:00\" \/>\n<meta property=\"og:image\" content=\"https:\/\/www.scarabee.com\/wp-content\/uploads\/2024\/03\/software.jpg\" \/>\n\t<meta property=\"og:image:width\" content=\"500\" \/>\n\t<meta property=\"og:image:height\" content=\"350\" \/>\n\t<meta property=\"og:image:type\" content=\"image\/jpeg\" \/>\n<meta name=\"twitter:card\" content=\"summary_large_image\" \/>\n<meta name=\"twitter:label1\" content=\"Gesch\u00e4tzte Lesezeit\" \/>\n\t<meta name=\"twitter:data1\" content=\"1\u00a0Minute\" \/>\n<script type=\"application\/ld+json\" class=\"yoast-schema-graph\">{\"@context\":\"https:\/\/schema.org\",\"@graph\":[{\"@type\":\"WebPage\",\"@id\":\"https:\/\/www.scarabee.com\/de\/software\/\",\"url\":\"https:\/\/www.scarabee.com\/de\/software\/\",\"name\":\"Software | Daifuku Airport Netherlands |\",\"isPartOf\":{\"@id\":\"https:\/\/www.scarabee.com\/de\/#website\"},\"primaryImageOfPage\":{\"@id\":\"https:\/\/www.scarabee.com\/de\/software\/#primaryimage\"},\"image\":{\"@id\":\"https:\/\/www.scarabee.com\/de\/software\/#primaryimage\"},\"thumbnailUrl\":\"https:\/\/www.scarabee.com\/wp-content\/uploads\/2024\/03\/software.jpg\",\"datePublished\":\"2024-04-17T11:40:27+00:00\",\"dateModified\":\"2024-09-12T12:57:11+00:00\",\"breadcrumb\":{\"@id\":\"https:\/\/www.scarabee.com\/de\/software\/#breadcrumb\"},\"inLanguage\":\"de\",\"potentialAction\":[{\"@type\":\"ReadAction\",\"target\":[\"https:\/\/www.scarabee.com\/de\/software\/\"]}]},{\"@type\":\"ImageObject\",\"inLanguage\":\"de\",\"@id\":\"https:\/\/www.scarabee.com\/de\/software\/#primaryimage\",\"url\":\"https:\/\/www.scarabee.com\/wp-content\/uploads\/2024\/03\/software.jpg\",\"contentUrl\":\"https:\/\/www.scarabee.com\/wp-content\/uploads\/2024\/03\/software.jpg\",\"width\":500,\"height\":350},{\"@type\":\"BreadcrumbList\",\"@id\":\"https:\/\/www.scarabee.com\/de\/software\/#breadcrumb\",\"itemListElement\":[{\"@type\":\"ListItem\",\"position\":1,\"name\":\"Home\",\"item\":\"https:\/\/www.scarabee.com\/de\/\"},{\"@type\":\"ListItem\",\"position\":2,\"name\":\"Software\"}]},{\"@type\":\"WebSite\",\"@id\":\"https:\/\/www.scarabee.com\/de\/#website\",\"url\":\"https:\/\/www.scarabee.com\/de\/\",\"name\":\"Daifuku Airport Netherlands\",\"description\":\"\",\"potentialAction\":[{\"@type\":\"SearchAction\",\"target\":{\"@type\":\"EntryPoint\",\"urlTemplate\":\"https:\/\/www.scarabee.com\/de\/?s={search_term_string}\"},\"query-input\":{\"@type\":\"PropertyValueSpecification\",\"valueRequired\":true,\"valueName\":\"search_term_string\"}}],\"inLanguage\":\"de\"}]}<\/script>\n<!-- \/ Yoast SEO plugin. -->","yoast_head_json":{"title":"Software | Daifuku Airport Netherlands |","robots":{"index":"index","follow":"follow","max-snippet":"max-snippet:-1","max-image-preview":"max-image-preview:large","max-video-preview":"max-video-preview:-1"},"canonical":"https:\/\/www.scarabee.com\/de\/software\/","og_locale":"de_DE","og_type":"article","og_title":"Software | Daifuku Airport Netherlands |","og_description":"BagDrop verf\u00fcgt \u00fcber firmeninternes Fachwissen in allen wichtigen Aspekten der Softwareentwicklung. Bereits in den fr\u00fchen Definitionsphasen wird das Softwareentwicklungsteam von BagDrop in Ihr Projekt eingebunden. Ab dieser ersten Entdeckungsphase wird BagDrop eine von drei typischen L\u00f6sungswegen empfehlen, anbieten und verwalten:","og_url":"https:\/\/www.scarabee.com\/de\/software\/","og_site_name":"Daifuku Airport Netherlands","article_modified_time":"2024-09-12T12:57:11+00:00","og_image":[{"width":500,"height":350,"url":"https:\/\/www.scarabee.com\/wp-content\/uploads\/2024\/03\/software.jpg","type":"image\/jpeg"}],"twitter_card":"summary_large_image","twitter_misc":{"Gesch\u00e4tzte Lesezeit":"1\u00a0Minute"},"schema":{"@context":"https:\/\/schema.org","@graph":[{"@type":"WebPage","@id":"https:\/\/www.scarabee.com\/de\/software\/","url":"https:\/\/www.scarabee.com\/de\/software\/","name":"Software | Daifuku Airport Netherlands |","isPartOf":{"@id":"https:\/\/www.scarabee.com\/de\/#website"},"primaryImageOfPage":{"@id":"https:\/\/www.scarabee.com\/de\/software\/#primaryimage"},"image":{"@id":"https:\/\/www.scarabee.com\/de\/software\/#primaryimage"},"thumbnailUrl":"https:\/\/www.scarabee.com\/wp-content\/uploads\/2024\/03\/software.jpg","datePublished":"2024-04-17T11:40:27+00:00","dateModified":"2024-09-12T12:57:11+00:00","breadcrumb":{"@id":"https:\/\/www.scarabee.com\/de\/software\/#breadcrumb"},"inLanguage":"de","potentialAction":[{"@type":"ReadAction","target":["https:\/\/www.scarabee.com\/de\/software\/"]}]},{"@type":"ImageObject","inLanguage":"de","@id":"https:\/\/www.scarabee.com\/de\/software\/#primaryimage","url":"https:\/\/www.scarabee.com\/wp-content\/uploads\/2024\/03\/software.jpg","contentUrl":"https:\/\/www.scarabee.com\/wp-content\/uploads\/2024\/03\/software.jpg","width":500,"height":350},{"@type":"BreadcrumbList","@id":"https:\/\/www.scarabee.com\/de\/software\/#breadcrumb","itemListElement":[{"@type":"ListItem","position":1,"name":"Home","item":"https:\/\/www.scarabee.com\/de\/"},{"@type":"ListItem","position":2,"name":"Software"}]},{"@type":"WebSite","@id":"https:\/\/www.scarabee.com\/de\/#website","url":"https:\/\/www.scarabee.com\/de\/","name":"Daifuku Airport Netherlands","description":"","potentialAction":[{"@type":"SearchAction","target":{"@type":"EntryPoint","urlTemplate":"https:\/\/www.scarabee.com\/de\/?s={search_term_string}"},"query-input":{"@type":"PropertyValueSpecification","valueRequired":true,"valueName":"search_term_string"}}],"inLanguage":"de"}]}},"uagb_featured_image_src":{"full":["https:\/\/www.scarabee.com\/wp-content\/uploads\/2024\/03\/software.jpg",500,350,false],"thumbnail":["https:\/\/www.scarabee.com\/wp-content\/uploads\/2024\/03\/software-150x150.jpg",150,150,true],"medium":["https:\/\/www.scarabee.com\/wp-content\/uploads\/2024\/03\/software-300x210.jpg",300,210,true],"medium_large":["https:\/\/www.scarabee.com\/wp-content\/uploads\/2024\/03\/software.jpg",500,350,false],"large":["https:\/\/www.scarabee.com\/wp-content\/uploads\/2024\/03\/software.jpg",500,350,false],"1536x1536":["https:\/\/www.scarabee.com\/wp-content\/uploads\/2024\/03\/software.jpg",500,350,false],"2048x2048":["https:\/\/www.scarabee.com\/wp-content\/uploads\/2024\/03\/software.jpg",500,350,false],"480w":["https:\/\/www.scarabee.com\/wp-content\/uploads\/2024\/03\/software-480x336.jpg",480,336,true],"480square":["https:\/\/www.scarabee.com\/wp-content\/uploads\/2024\/03\/software-480x350.jpg",480,350,true],"collapse":["https:\/\/www.scarabee.com\/wp-content\/uploads\/2024\/03\/software.jpg",500,350,false],"640w":["https:\/\/www.scarabee.com\/wp-content\/uploads\/2024\/03\/software.jpg",500,350,false],"900w":["https:\/\/www.scarabee.com\/wp-content\/uploads\/2024\/03\/software.jpg",500,350,false],"1280w":["https:\/\/www.scarabee.com\/wp-content\/uploads\/2024\/03\/software.jpg",500,350,false],"careers":["https:\/\/www.scarabee.com\/wp-content\/uploads\/2024\/03\/software.jpg",500,350,false],"1440w":["https:\/\/www.scarabee.com\/wp-content\/uploads\/2024\/03\/software.jpg",500,350,false],"1700w":["https:\/\/www.scarabee.com\/wp-content\/uploads\/2024\/03\/software.jpg",500,350,false],"gform-image-choice-sm":["https:\/\/www.scarabee.com\/wp-content\/uploads\/2024\/03\/software.jpg",300,210,false],"gform-image-choice-md":["https:\/\/www.scarabee.com\/wp-content\/uploads\/2024\/03\/software.jpg",400,280,false],"gform-image-choice-lg":["https:\/\/www.scarabee.com\/wp-content\/uploads\/2024\/03\/software.jpg",500,350,false]},"uagb_author_info":{"display_name":"blitsadmin","author_link":"https:\/\/www.scarabee.com\/de\/author\/blitsadmin\/"},"uagb_comment_info":0,"uagb_excerpt":"BagDrop verf\u00fcgt \u00fcber firmeninternes Fachwissen in allen wichtigen Aspekten der Softwareentwicklung. Bereits in den fr\u00fchen Definitionsphasen wird das Softwareentwicklungsteam von BagDrop in Ihr Projekt eingebunden. Ab dieser ersten Entdeckungsphase wird BagDrop eine von drei typischen L\u00f6sungswegen empfehlen, anbieten und verwalten:","_links":{"self":[{"href":"https:\/\/www.scarabee.com\/de\/wp-json\/wp\/v2\/pages\/3600","targetHints":{"allow":["GET"]}}],"collection":[{"href":"https:\/\/www.scarabee.com\/de\/wp-json\/wp\/v2\/pages"}],"about":[{"href":"https:\/\/www.scarabee.com\/de\/wp-json\/wp\/v2\/types\/page"}],"author":[{"embeddable":true,"href":"https:\/\/www.scarabee.com\/de\/wp-json\/wp\/v2\/users\/1"}],"replies":[{"embeddable":true,"href":"https:\/\/www.scarabee.com\/de\/wp-json\/wp\/v2\/comments?post=3600"}],"version-history":[{"count":0,"href":"https:\/\/www.scarabee.com\/de\/wp-json\/wp\/v2\/pages\/3600\/revisions"}],"wp:featuredmedia":[{"embeddable":true,"href":"https:\/\/www.scarabee.com\/de\/wp-json\/wp\/v2\/media\/2606"}],"wp:attachment":[{"href":"https:\/\/www.scarabee.com\/de\/wp-json\/wp\/v2\/media?parent=3600"}],"curies":[{"name":"wp","href":"https:\/\/api.w.org\/{rel}","templated":true}]}}