{"id":3604,"date":"2024-06-26T12:21:51","date_gmt":"2024-06-26T10:21:51","guid":{"rendered":"https:\/\/www.scarabee.com\/?page_id=3604"},"modified":"2024-09-12T15:05:55","modified_gmt":"2024-09-12T13:05:55","slug":"daifuku","status":"publish","type":"page","link":"https:\/\/www.scarabee.com\/de\/daifuku\/","title":{"rendered":"Daifuku"},"content":{"rendered":"\n<div class=\"wp-block-media-text alignwide has-media-on-the-right is-stacked-on-mobile is-image-fill nodropshadow\" style=\"grid-template-columns:auto 40%\"><div class=\"wp-block-media-text__content\">\n<h2 class=\"wp-block-heading has-tertiary-color has-text-color has-link-color has-medium-font-size wp-elements-3d8b5e8f0ee832fe2aceefb0b0c3271f\">UNSER MUTTERUNTERNEHMEN<\/h2>\n\n\n\n<h1 class=\"wp-block-heading has-primary-color has-text-color has-link-color has-large-font-size wp-elements-dbc1240b17b44c0f236f45fbe3764cad\">Daifuku<\/h1>\n\n\n\n<p>Im Jahr 2019 wurde Scarabee Teil der Daifuku Co., Ltd, dem weltweit f\u00fchrenden Anbieter von Materialflusssystemen f\u00fcr die Fabrik- und Vertriebsbranche, Reinr\u00e4ume, die Automobilindustrie, Flugh\u00e4fen und allgemeine Industriezweige. Das Mutterunternehmen von Scarabee hat seinen Hauptsitz in Osaka, Japan, und verf\u00fcgt \u00fcber Produktions- und Vertriebsstandorte in 26 L\u00e4ndern.<\/p>\n\n\n\n<div class=\"wp-block-buttons is-layout-flex wp-block-buttons-is-layout-flex\">\n<div class=\"wp-block-button\"><a class=\"wp-block-button__link wp-element-button\" href=\"https:\/\/www.daifuku.com\/\" target=\"_blank\" rel=\"noreferrer noopener\">Website ansehen<\/a><\/div>\n<\/div>\n<\/div><figure class=\"wp-block-media-text__media\" style=\"background-image:url(http:\/\/www.scarabee.com\/wp-content\/uploads\/2024\/06\/daifuku-1024x1024.png);background-position:50% 50%\"><img loading=\"lazy\" decoding=\"async\" width=\"1024\" height=\"1024\" src=\"http:\/\/www.scarabee.com\/wp-content\/uploads\/2024\/06\/daifuku-1024x1024.png\" alt=\"\" class=\"wp-image-1771 size-full\" srcset=\"https:\/\/www.scarabee.com\/wp-content\/uploads\/2024\/06\/daifuku-1024x1024.png 1024w, https:\/\/www.scarabee.com\/wp-content\/uploads\/2024\/06\/daifuku-300x300.png 300w, https:\/\/www.scarabee.com\/wp-content\/uploads\/2024\/06\/daifuku-150x150.png 150w, https:\/\/www.scarabee.com\/wp-content\/uploads\/2024\/06\/daifuku-768x768.png 768w, https:\/\/www.scarabee.com\/wp-content\/uploads\/2024\/06\/daifuku-1536x1536.png 1536w, https:\/\/www.scarabee.com\/wp-content\/uploads\/2024\/06\/daifuku-480x480.png 480w, https:\/\/www.scarabee.com\/wp-content\/uploads\/2024\/06\/daifuku-640x640.png 640w, https:\/\/www.scarabee.com\/wp-content\/uploads\/2024\/06\/daifuku-900x900.png 900w, https:\/\/www.scarabee.com\/wp-content\/uploads\/2024\/06\/daifuku-1280x1280.png 1280w, https:\/\/www.scarabee.com\/wp-content\/uploads\/2024\/06\/daifuku-1440x1440.png 1440w, https:\/\/www.scarabee.com\/wp-content\/uploads\/2024\/06\/daifuku-1700x1700.png 1700w, https:\/\/www.scarabee.com\/wp-content\/uploads\/2024\/06\/daifuku.png 2000w\" sizes=\"auto, (max-width: 1024px) 100vw, 1024px\" \/><\/figure><\/div>\n\n\n\n<div style=\"height:20px\" aria-hidden=\"true\" class=\"wp-block-spacer\"><\/div>\n\n\n\n<h2 class=\"wp-block-heading has-text-align-center has-primary-color has-text-color has-link-color has-large-font-size wp-elements-b78ecbed715bd8338df590d33720f48e\">Daifuku Driving Innovative Impact 2030<\/h2>\n\n\n\n<div style=\"height:15px\" aria-hidden=\"true\" class=\"wp-block-spacer\"><\/div>\n\n\n\n<figure class=\"wp-block-video\"><video controls poster=\"http:\/\/www.scarabee.com\/wp-content\/uploads\/2024\/07\/Daifuku-image-video-scaled.jpg\" src=\"\/wp-content\/uploads\/2024\/07\/driving_innovative_impact_2030_en_1080p.mp4\"><\/video><\/figure>\n","protected":false},"excerpt":{"rendered":"<p>Daifuku Driving Innovative Impact 2030<\/p>\n","protected":false},"author":1,"featured_media":3272,"parent":0,"menu_order":0,"comment_status":"closed","ping_status":"closed","template":"","meta":{"_acf_changed":false,"_uag_custom_page_level_css":"","footnotes":""},"class_list":["post-3604","page","type-page","status-publish","has-post-thumbnail","hentry"],"acf":[],"yoast_head":"<!-- This site is optimized with the Yoast SEO plugin v24.4 - https:\/\/yoast.com\/wordpress\/plugins\/seo\/ -->\n<title>Daifuku | Daifuku Airport Netherlands |<\/title>\n<meta name=\"robots\" content=\"index, follow, max-snippet:-1, max-image-preview:large, max-video-preview:-1\" \/>\n<link rel=\"canonical\" href=\"https:\/\/www.scarabee.com\/de\/daifuku\/\" \/>\n<meta property=\"og:locale\" content=\"de_DE\" \/>\n<meta property=\"og:type\" content=\"article\" \/>\n<meta property=\"og:title\" content=\"Daifuku | Daifuku Airport Netherlands |\" \/>\n<meta property=\"og:description\" content=\"Daifuku Driving Innovative Impact 2030\" \/>\n<meta property=\"og:url\" content=\"https:\/\/www.scarabee.com\/de\/daifuku\/\" \/>\n<meta property=\"og:site_name\" content=\"Daifuku Airport Netherlands\" \/>\n<meta property=\"article:modified_time\" content=\"2024-09-12T13:05:55+00:00\" \/>\n<meta property=\"og:image\" content=\"https:\/\/www.scarabee.com\/wp-content\/uploads\/2024\/07\/daifuku-company-2024-scaled.jpg\" \/>\n\t<meta property=\"og:image:width\" content=\"2560\" \/>\n\t<meta property=\"og:image:height\" content=\"948\" \/>\n\t<meta property=\"og:image:type\" content=\"image\/jpeg\" \/>\n<meta name=\"twitter:card\" content=\"summary_large_image\" \/>\n<meta name=\"twitter:label1\" content=\"Gesch\u00e4tzte Lesezeit\" \/>\n\t<meta name=\"twitter:data1\" content=\"1\u00a0Minute\" \/>\n<script type=\"application\/ld+json\" class=\"yoast-schema-graph\">{\"@context\":\"https:\/\/schema.org\",\"@graph\":[{\"@type\":\"WebPage\",\"@id\":\"https:\/\/www.scarabee.com\/de\/daifuku\/\",\"url\":\"https:\/\/www.scarabee.com\/de\/daifuku\/\",\"name\":\"Daifuku | Daifuku Airport Netherlands |\",\"isPartOf\":{\"@id\":\"https:\/\/www.scarabee.com\/de\/#website\"},\"primaryImageOfPage\":{\"@id\":\"https:\/\/www.scarabee.com\/de\/daifuku\/#primaryimage\"},\"image\":{\"@id\":\"https:\/\/www.scarabee.com\/de\/daifuku\/#primaryimage\"},\"thumbnailUrl\":\"https:\/\/www.scarabee.com\/wp-content\/uploads\/2024\/07\/daifuku-company-2024-scaled.jpg\",\"datePublished\":\"2024-06-26T10:21:51+00:00\",\"dateModified\":\"2024-09-12T13:05:55+00:00\",\"breadcrumb\":{\"@id\":\"https:\/\/www.scarabee.com\/de\/daifuku\/#breadcrumb\"},\"inLanguage\":\"de\",\"potentialAction\":[{\"@type\":\"ReadAction\",\"target\":[\"https:\/\/www.scarabee.com\/de\/daifuku\/\"]}]},{\"@type\":\"ImageObject\",\"inLanguage\":\"de\",\"@id\":\"https:\/\/www.scarabee.com\/de\/daifuku\/#primaryimage\",\"url\":\"https:\/\/www.scarabee.com\/wp-content\/uploads\/2024\/07\/daifuku-company-2024-scaled.jpg\",\"contentUrl\":\"https:\/\/www.scarabee.com\/wp-content\/uploads\/2024\/07\/daifuku-company-2024-scaled.jpg\",\"width\":2560,\"height\":948,\"caption\":\"Screenshot\"},{\"@type\":\"BreadcrumbList\",\"@id\":\"https:\/\/www.scarabee.com\/de\/daifuku\/#breadcrumb\",\"itemListElement\":[{\"@type\":\"ListItem\",\"position\":1,\"name\":\"Home\",\"item\":\"https:\/\/www.scarabee.com\/de\/\"},{\"@type\":\"ListItem\",\"position\":2,\"name\":\"Daifuku\"}]},{\"@type\":\"WebSite\",\"@id\":\"https:\/\/www.scarabee.com\/de\/#website\",\"url\":\"https:\/\/www.scarabee.com\/de\/\",\"name\":\"Daifuku Airport Netherlands\",\"description\":\"\",\"potentialAction\":[{\"@type\":\"SearchAction\",\"target\":{\"@type\":\"EntryPoint\",\"urlTemplate\":\"https:\/\/www.scarabee.com\/de\/?s={search_term_string}\"},\"query-input\":{\"@type\":\"PropertyValueSpecification\",\"valueRequired\":true,\"valueName\":\"search_term_string\"}}],\"inLanguage\":\"de\"}]}<\/script>\n<!-- \/ Yoast SEO plugin. -->","yoast_head_json":{"title":"Daifuku | Daifuku Airport Netherlands |","robots":{"index":"index","follow":"follow","max-snippet":"max-snippet:-1","max-image-preview":"max-image-preview:large","max-video-preview":"max-video-preview:-1"},"canonical":"https:\/\/www.scarabee.com\/de\/daifuku\/","og_locale":"de_DE","og_type":"article","og_title":"Daifuku | Daifuku Airport Netherlands |","og_description":"Daifuku Driving Innovative Impact 2030","og_url":"https:\/\/www.scarabee.com\/de\/daifuku\/","og_site_name":"Daifuku Airport Netherlands","article_modified_time":"2024-09-12T13:05:55+00:00","og_image":[{"width":2560,"height":948,"url":"https:\/\/www.scarabee.com\/wp-content\/uploads\/2024\/07\/daifuku-company-2024-scaled.jpg","type":"image\/jpeg"}],"twitter_card":"summary_large_image","twitter_misc":{"Gesch\u00e4tzte Lesezeit":"1\u00a0Minute"},"schema":{"@context":"https:\/\/schema.org","@graph":[{"@type":"WebPage","@id":"https:\/\/www.scarabee.com\/de\/daifuku\/","url":"https:\/\/www.scarabee.com\/de\/daifuku\/","name":"Daifuku | Daifuku Airport Netherlands |","isPartOf":{"@id":"https:\/\/www.scarabee.com\/de\/#website"},"primaryImageOfPage":{"@id":"https:\/\/www.scarabee.com\/de\/daifuku\/#primaryimage"},"image":{"@id":"https:\/\/www.scarabee.com\/de\/daifuku\/#primaryimage"},"thumbnailUrl":"https:\/\/www.scarabee.com\/wp-content\/uploads\/2024\/07\/daifuku-company-2024-scaled.jpg","datePublished":"2024-06-26T10:21:51+00:00","dateModified":"2024-09-12T13:05:55+00:00","breadcrumb":{"@id":"https:\/\/www.scarabee.com\/de\/daifuku\/#breadcrumb"},"inLanguage":"de","potentialAction":[{"@type":"ReadAction","target":["https:\/\/www.scarabee.com\/de\/daifuku\/"]}]},{"@type":"ImageObject","inLanguage":"de","@id":"https:\/\/www.scarabee.com\/de\/daifuku\/#primaryimage","url":"https:\/\/www.scarabee.com\/wp-content\/uploads\/2024\/07\/daifuku-company-2024-scaled.jpg","contentUrl":"https:\/\/www.scarabee.com\/wp-content\/uploads\/2024\/07\/daifuku-company-2024-scaled.jpg","width":2560,"height":948,"caption":"Screenshot"},{"@type":"BreadcrumbList","@id":"https:\/\/www.scarabee.com\/de\/daifuku\/#breadcrumb","itemListElement":[{"@type":"ListItem","position":1,"name":"Home","item":"https:\/\/www.scarabee.com\/de\/"},{"@type":"ListItem","position":2,"name":"Daifuku"}]},{"@type":"WebSite","@id":"https:\/\/www.scarabee.com\/de\/#website","url":"https:\/\/www.scarabee.com\/de\/","name":"Daifuku Airport Netherlands","description":"","potentialAction":[{"@type":"SearchAction","target":{"@type":"EntryPoint","urlTemplate":"https:\/\/www.scarabee.com\/de\/?s={search_term_string}"},"query-input":{"@type":"PropertyValueSpecification","valueRequired":true,"valueName":"search_term_string"}}],"inLanguage":"de"}]}},"uagb_featured_image_src":{"full":["https:\/\/www.scarabee.com\/wp-content\/uploads\/2024\/07\/daifuku-company-2024-scaled.jpg",2560,948,false],"thumbnail":["https:\/\/www.scarabee.com\/wp-content\/uploads\/2024\/07\/daifuku-company-2024-150x150.jpg",150,150,true],"medium":["https:\/\/www.scarabee.com\/wp-content\/uploads\/2024\/07\/daifuku-company-2024-300x111.jpg",300,111,true],"medium_large":["https:\/\/www.scarabee.com\/wp-content\/uploads\/2024\/07\/daifuku-company-2024-768x284.jpg",640,237,true],"large":["https:\/\/www.scarabee.com\/wp-content\/uploads\/2024\/07\/daifuku-company-2024-1024x379.jpg",640,237,true],"1536x1536":["https:\/\/www.scarabee.com\/wp-content\/uploads\/2024\/07\/daifuku-company-2024-1536x569.jpg",1536,569,true],"2048x2048":["https:\/\/www.scarabee.com\/wp-content\/uploads\/2024\/07\/daifuku-company-2024-2048x758.jpg",2048,758,true],"480w":["https:\/\/www.scarabee.com\/wp-content\/uploads\/2024\/07\/daifuku-company-2024-480x178.jpg",480,178,true],"480square":["https:\/\/www.scarabee.com\/wp-content\/uploads\/2024\/07\/daifuku-company-2024-480x480.jpg",480,480,true],"collapse":["https:\/\/www.scarabee.com\/wp-content\/uploads\/2024\/07\/daifuku-company-2024-960x800.jpg",960,800,true],"640w":["https:\/\/www.scarabee.com\/wp-content\/uploads\/2024\/07\/daifuku-company-2024-640x237.jpg",640,237,true],"900w":["https:\/\/www.scarabee.com\/wp-content\/uploads\/2024\/07\/daifuku-company-2024-900x333.jpg",900,333,true],"1280w":["https:\/\/www.scarabee.com\/wp-content\/uploads\/2024\/07\/daifuku-company-2024-1280x474.jpg",1280,474,true],"careers":["https:\/\/www.scarabee.com\/wp-content\/uploads\/2024\/07\/daifuku-company-2024-1280x600.jpg",1280,600,true],"1440w":["https:\/\/www.scarabee.com\/wp-content\/uploads\/2024\/07\/daifuku-company-2024-1440x533.jpg",1440,533,true],"1700w":["https:\/\/www.scarabee.com\/wp-content\/uploads\/2024\/07\/daifuku-company-2024-1700x629.jpg",1700,629,true],"gform-image-choice-sm":["https:\/\/www.scarabee.com\/wp-content\/uploads\/2024\/07\/daifuku-company-2024-scaled.jpg",300,111,false],"gform-image-choice-md":["https:\/\/www.scarabee.com\/wp-content\/uploads\/2024\/07\/daifuku-company-2024-scaled.jpg",400,148,false],"gform-image-choice-lg":["https:\/\/www.scarabee.com\/wp-content\/uploads\/2024\/07\/daifuku-company-2024-scaled.jpg",600,222,false]},"uagb_author_info":{"display_name":"blitsadmin","author_link":"https:\/\/www.scarabee.com\/de\/author\/blitsadmin\/"},"uagb_comment_info":0,"uagb_excerpt":"Daifuku Driving Innovative Impact 2030","_links":{"self":[{"href":"https:\/\/www.scarabee.com\/de\/wp-json\/wp\/v2\/pages\/3604","targetHints":{"allow":["GET"]}}],"collection":[{"href":"https:\/\/www.scarabee.com\/de\/wp-json\/wp\/v2\/pages"}],"about":[{"href":"https:\/\/www.scarabee.com\/de\/wp-json\/wp\/v2\/types\/page"}],"author":[{"embeddable":true,"href":"https:\/\/www.scarabee.com\/de\/wp-json\/wp\/v2\/users\/1"}],"replies":[{"embeddable":true,"href":"https:\/\/www.scarabee.com\/de\/wp-json\/wp\/v2\/comments?post=3604"}],"version-history":[{"count":0,"href":"https:\/\/www.scarabee.com\/de\/wp-json\/wp\/v2\/pages\/3604\/revisions"}],"wp:featuredmedia":[{"embeddable":true,"href":"https:\/\/www.scarabee.com\/de\/wp-json\/wp\/v2\/media\/3272"}],"wp:attachment":[{"href":"https:\/\/www.scarabee.com\/de\/wp-json\/wp\/v2\/media?parent=3604"}],"curies":[{"name":"wp","href":"https:\/\/api.w.org\/{rel}","templated":true}]}}