{"id":3608,"date":"2024-03-01T15:08:03","date_gmt":"2024-03-01T13:08:03","guid":{"rendered":"https:\/\/www.scarabee.com\/?page_id=3608"},"modified":"2025-06-17T13:30:03","modified_gmt":"2025-06-17T11:30:03","slug":"ueber-uns","status":"publish","type":"page","link":"https:\/\/www.scarabee.com\/de\/ueber-uns\/","title":{"rendered":"\u00dcber uns"},"content":{"rendered":"\n<h2 class=\"wp-block-heading\">Entdecken Sie Scarabee: die Zukunft der Luftfahrt gestalten<\/h2>\n\n\n\n<p>Scarabee ist ein globales Unternehmen mit \u00fcber 30 Jahren Erfahrung in der Luftfahrtindustrie. Mit strategisch weltweit verteilten B\u00fcros sind wir f\u00fchrend in der Innovation und arbeiten mit den weltweit gr\u00f6\u00dften Flugh\u00e4fen, Fluggesellschaften und Gesch\u00e4ftspartnern zusammen. Unsere Mission ist es, einzigartige, hochmoderne und ma\u00dfgeschneiderte L\u00f6sungen f\u00fcr die Bereiche Passagier-, Gep\u00e4ckabfertigung und Sicherheit zu entwickeln.<\/p>\n\n\n\n<p>Bei Scarabee liegt Innovation in unserer DNA. Unser Team besteht aus hochmotivierten und qualifizierten Fachleuten, die mit Leidenschaft wertsch\u00f6pfende IT-L\u00f6sungen entwickeln. Wir sind stolz auf unsere F\u00e4higkeit, eng mit Branchenexperten zusammenzuarbeiten, um Software und Systeme zu entwerfen, die Flugh\u00e4fen in die Lage versetzen, die Herausforderungen von morgen zu bew\u00e4ltigen.<\/p>\n\n\n\n<figure class=\"wp-block-gallery has-nested-images columns-2 is-cropped wp-block-gallery-2 is-layout-flex wp-block-gallery-is-layout-flex\">\n<figure class=\"wp-block-image size-large\"><img loading=\"lazy\" decoding=\"async\" width=\"1024\" height=\"683\" data-id=\"2161\" src=\"https:\/\/www.scarabee.com\/wp-content\/uploads\/2024\/09\/Masayuki-Isutzu-1024x683.jpg\" alt=\"\" class=\"wp-image-2161\" srcset=\"https:\/\/www.scarabee.com\/wp-content\/uploads\/2024\/09\/Masayuki-Isutzu-1024x683.jpg 1024w, https:\/\/www.scarabee.com\/wp-content\/uploads\/2024\/09\/Masayuki-Isutzu-300x200.jpg 300w, https:\/\/www.scarabee.com\/wp-content\/uploads\/2024\/09\/Masayuki-Isutzu-768x512.jpg 768w, https:\/\/www.scarabee.com\/wp-content\/uploads\/2024\/09\/Masayuki-Isutzu-1536x1025.jpg 1536w, https:\/\/www.scarabee.com\/wp-content\/uploads\/2024\/09\/Masayuki-Isutzu-480x320.jpg 480w, https:\/\/www.scarabee.com\/wp-content\/uploads\/2024\/09\/Masayuki-Isutzu-640x427.jpg 640w, https:\/\/www.scarabee.com\/wp-content\/uploads\/2024\/09\/Masayuki-Isutzu-900x600.jpg 900w, https:\/\/www.scarabee.com\/wp-content\/uploads\/2024\/09\/Masayuki-Isutzu-1280x854.jpg 1280w, https:\/\/www.scarabee.com\/wp-content\/uploads\/2024\/09\/Masayuki-Isutzu-1440x960.jpg 1440w, https:\/\/www.scarabee.com\/wp-content\/uploads\/2024\/09\/Masayuki-Isutzu-1700x1134.jpg 1700w, https:\/\/www.scarabee.com\/wp-content\/uploads\/2024\/09\/Masayuki-Isutzu.jpg 2048w\" sizes=\"auto, (max-width: 1024px) 100vw, 1024px\" \/><figcaption class=\"wp-element-caption\">Masayuki Izutsu<\/figcaption><\/figure>\n\n\n\n<figure class=\"wp-block-image size-large\"><img loading=\"lazy\" decoding=\"async\" width=\"1024\" height=\"683\" data-id=\"1007\" src=\"https:\/\/www.scarabee.com\/wp-content\/uploads\/2024\/05\/Scarabee-240515_1_0060-1024x683.jpg\" alt=\"\" class=\"wp-image-1007\" srcset=\"https:\/\/www.scarabee.com\/wp-content\/uploads\/2024\/05\/Scarabee-240515_1_0060-1024x683.jpg 1024w, https:\/\/www.scarabee.com\/wp-content\/uploads\/2024\/05\/Scarabee-240515_1_0060-300x200.jpg 300w, https:\/\/www.scarabee.com\/wp-content\/uploads\/2024\/05\/Scarabee-240515_1_0060-768x512.jpg 768w, https:\/\/www.scarabee.com\/wp-content\/uploads\/2024\/05\/Scarabee-240515_1_0060-1536x1024.jpg 1536w, https:\/\/www.scarabee.com\/wp-content\/uploads\/2024\/05\/Scarabee-240515_1_0060-2048x1366.jpg 2048w, https:\/\/www.scarabee.com\/wp-content\/uploads\/2024\/05\/Scarabee-240515_1_0060-480x320.jpg 480w, https:\/\/www.scarabee.com\/wp-content\/uploads\/2024\/05\/Scarabee-240515_1_0060-640x427.jpg 640w, https:\/\/www.scarabee.com\/wp-content\/uploads\/2024\/05\/Scarabee-240515_1_0060-900x600.jpg 900w, https:\/\/www.scarabee.com\/wp-content\/uploads\/2024\/05\/Scarabee-240515_1_0060-1280x854.jpg 1280w, https:\/\/www.scarabee.com\/wp-content\/uploads\/2024\/05\/Scarabee-240515_1_0060-1440x960.jpg 1440w, https:\/\/www.scarabee.com\/wp-content\/uploads\/2024\/05\/Scarabee-240515_1_0060-1700x1134.jpg 1700w\" sizes=\"auto, (max-width: 1024px) 100vw, 1024px\" \/><figcaption class=\"wp-element-caption\">Jasper van Gend<\/figcaption><\/figure>\n<\/figure>\n\n\n\n<div class=\"wp-block-media-text is-stacked-on-mobile\" style=\"grid-template-columns:40% auto\"><figure class=\"wp-block-media-text__media\"><img loading=\"lazy\" decoding=\"async\" width=\"1024\" height=\"683\" src=\"http:\/\/www.scarabee.com\/wp-content\/uploads\/2024\/05\/Scarabee-240422_1_0847-1024x683.jpg\" alt=\"\" class=\"wp-image-811 size-full\" srcset=\"https:\/\/www.scarabee.com\/wp-content\/uploads\/2024\/05\/Scarabee-240422_1_0847-1024x683.jpg 1024w, https:\/\/www.scarabee.com\/wp-content\/uploads\/2024\/05\/Scarabee-240422_1_0847-300x200.jpg 300w, https:\/\/www.scarabee.com\/wp-content\/uploads\/2024\/05\/Scarabee-240422_1_0847-768x512.jpg 768w, https:\/\/www.scarabee.com\/wp-content\/uploads\/2024\/05\/Scarabee-240422_1_0847-1536x1024.jpg 1536w, https:\/\/www.scarabee.com\/wp-content\/uploads\/2024\/05\/Scarabee-240422_1_0847-2048x1366.jpg 2048w, https:\/\/www.scarabee.com\/wp-content\/uploads\/2024\/05\/Scarabee-240422_1_0847-480x320.jpg 480w, https:\/\/www.scarabee.com\/wp-content\/uploads\/2024\/05\/Scarabee-240422_1_0847-640x427.jpg 640w, https:\/\/www.scarabee.com\/wp-content\/uploads\/2024\/05\/Scarabee-240422_1_0847-900x600.jpg 900w, https:\/\/www.scarabee.com\/wp-content\/uploads\/2024\/05\/Scarabee-240422_1_0847-1280x854.jpg 1280w, https:\/\/www.scarabee.com\/wp-content\/uploads\/2024\/05\/Scarabee-240422_1_0847-1440x960.jpg 1440w, https:\/\/www.scarabee.com\/wp-content\/uploads\/2024\/05\/Scarabee-240422_1_0847-1700x1134.jpg 1700w\" sizes=\"auto, (max-width: 1024px) 100vw, 1024px\" \/><\/figure><div class=\"wp-block-media-text__content\">\n<p><\/p>\n\n\n\n<p>Gemeinsam setzen wir uns daf\u00fcr ein, wegweisende Fortschritte in der Luftfahrtindustrie voranzutreiben und sicherzustellen, dass Reisende weltweit nahtlose, effiziente und sichere Erlebnisse genie\u00dfen. Begleiten Sie uns auf unserer Reise, die Zukunft der Luftfahrt mit innovativen L\u00f6sungen zu gestalten \u2013 einen Fortschritt nach dem anderen.<\/p>\n\n\n\n<p>Im Jahr 2019 ging Scarabee eine Partnerschaft mit der Daifuku Co., Ltd (<a href=\"http:\/\/www.daifuku.com\" target=\"_blank\" rel=\"noreferrer noopener\">www.daifuku.com<\/a>) ein, einem weltweit f\u00fchrenden Anbieter von Materialflusssystemen f\u00fcr verschiedene Industrien, darunter Fabrik- und Vertriebswesen, Reinraum-, Automobil- und allgemeine Industriezweige. Mit Hauptsitz in Osaka, Japan, betreibt Daifuku Produktions- und Vertriebsstandorte in 26 L\u00e4ndern und bringt eine F\u00fclle von Ressourcen und Fachwissen in die Zusammenarbeit mit Scarabee ein.<\/p>\n<\/div><\/div>\n\n\n\n<h2 class=\"wp-block-heading\">Gesch\u00e4ftsleitung<\/h2>\n\n\n\n<figure class=\"wp-block-table is-style-regular\"><table class=\"has-primary-color has-text-color has-link-color has-fixed-layout\"><tbody><tr><td class=\"has-text-align-left\" data-align=\"left\">Masayuki Izutsu<\/td><td class=\"has-text-align-left\" data-align=\"left\">General Manager f\u00fcr Flughafenbetrieb, Flughafenabteilung<br>Gesch\u00e4ftsf\u00fchrender Direktor Daifuku<\/td><\/tr><tr><td class=\"has-text-align-left\" data-align=\"left\">Jasper van Gend<\/td><td class=\"has-text-align-left\" data-align=\"left\">Gesch\u00e4ftsf\u00fchrender Direktor Scarabee<\/td><\/tr><\/tbody><\/table><\/figure>\n\n\n\n<h2 class=\"wp-block-heading\">Management-Team<\/h2>\n\n\n\n<figure class=\"wp-block-table is-style-regular\"><table class=\"has-primary-color has-text-color has-link-color has-fixed-layout\"><tbody><tr><td class=\"has-text-align-left\" data-align=\"left\">Sjoerd Roorda<\/td><td class=\"has-text-align-left\" data-align=\"left\">Director of Technology<\/td><\/tr><tr><td class=\"has-text-align-left\" data-align=\"left\">Riccardo van der Ende<\/td><td class=\"has-text-align-left\" data-align=\"left\">Beschaffung &amp; Logistik<\/td><\/tr><tr><td class=\"has-text-align-left\" data-align=\"left\">Jan van der Veer<\/td><td class=\"has-text-align-left\" data-align=\"left\">Finanzdirektor<\/td><\/tr><tr><td class=\"has-text-align-left\" data-align=\"left\">Jeroen Hurkmans<\/td><td class=\"has-text-align-left\" data-align=\"left\">Commercial Director<\/td><\/tr><tr><td class=\"has-text-align-left\" data-align=\"left\">Brenda Borst<\/td><td class=\"has-text-align-left\" data-align=\"left\">Head of Projects<\/td><\/tr><tr><td class=\"has-text-align-left\" data-align=\"left\">Herman Groot-Beumer<\/td><td class=\"has-text-align-left\" data-align=\"left\">Director After Sales &amp; Services<\/td><\/tr><\/tbody><\/table><\/figure>\n","protected":false},"excerpt":{"rendered":"<p>Entdecken Sie Scarabee: die Zukunft der Luftfahrt gestalten Scarabee ist ein globales Unternehmen mit \u00fcber 30 Jahren Erfahrung in der Luftfahrtindustrie. Mit strategisch weltweit verteilten B\u00fcros sind wir f\u00fchrend in der Innovation und arbeiten mit den weltweit gr\u00f6\u00dften Flugh\u00e4fen, Fluggesellschaften und Gesch\u00e4ftspartnern zusammen. Unsere Mission ist es, einzigartige, hochmoderne und ma\u00dfgeschneiderte L\u00f6sungen f\u00fcr die Bereiche&#8230; <\/p>\n","protected":false},"author":1,"featured_media":2948,"parent":0,"menu_order":0,"comment_status":"closed","ping_status":"closed","template":"","meta":{"_acf_changed":false,"_uag_custom_page_level_css":"","footnotes":""},"class_list":["post-3608","page","type-page","status-publish","has-post-thumbnail","hentry"],"acf":[],"yoast_head":"<!-- This site is optimized with the Yoast SEO plugin v24.4 - https:\/\/yoast.com\/wordpress\/plugins\/seo\/ -->\n<title>\u00dcber uns | Daifuku Airport Netherlands |<\/title>\n<meta name=\"robots\" content=\"index, follow, max-snippet:-1, max-image-preview:large, max-video-preview:-1\" \/>\n<link rel=\"canonical\" href=\"https:\/\/www.scarabee.com\/de\/ueber-uns\/\" \/>\n<meta property=\"og:locale\" content=\"de_DE\" \/>\n<meta property=\"og:type\" content=\"article\" \/>\n<meta property=\"og:title\" content=\"\u00dcber uns | Daifuku Airport Netherlands |\" \/>\n<meta property=\"og:description\" content=\"Entdecken Sie Scarabee: die Zukunft der Luftfahrt gestalten Scarabee ist ein globales Unternehmen mit \u00fcber 30 Jahren Erfahrung in der Luftfahrtindustrie. Mit strategisch weltweit verteilten B\u00fcros sind wir f\u00fchrend in der Innovation und arbeiten mit den weltweit gr\u00f6\u00dften Flugh\u00e4fen, Fluggesellschaften und Gesch\u00e4ftspartnern zusammen. Unsere Mission ist es, einzigartige, hochmoderne und ma\u00dfgeschneiderte L\u00f6sungen f\u00fcr die Bereiche...\" \/>\n<meta property=\"og:url\" content=\"https:\/\/www.scarabee.com\/de\/ueber-uns\/\" \/>\n<meta property=\"og:site_name\" content=\"Daifuku Airport Netherlands\" \/>\n<meta property=\"article:modified_time\" content=\"2025-06-17T11:30:03+00:00\" \/>\n<meta property=\"og:image\" content=\"https:\/\/www.scarabee.com\/wp-content\/uploads\/2024\/05\/Scarabee-240425_1_0063.jpg\" \/>\n\t<meta property=\"og:image:width\" content=\"2500\" \/>\n\t<meta property=\"og:image:height\" content=\"1667\" \/>\n\t<meta property=\"og:image:type\" content=\"image\/jpeg\" \/>\n<meta name=\"twitter:card\" content=\"summary_large_image\" \/>\n<meta name=\"twitter:label1\" content=\"Gesch\u00e4tzte Lesezeit\" \/>\n\t<meta name=\"twitter:data1\" content=\"2\u00a0Minuten\" \/>\n<script type=\"application\/ld+json\" class=\"yoast-schema-graph\">{\"@context\":\"https:\/\/schema.org\",\"@graph\":[{\"@type\":\"WebPage\",\"@id\":\"https:\/\/www.scarabee.com\/de\/ueber-uns\/\",\"url\":\"https:\/\/www.scarabee.com\/de\/ueber-uns\/\",\"name\":\"\u00dcber uns | Daifuku Airport Netherlands |\",\"isPartOf\":{\"@id\":\"https:\/\/www.scarabee.com\/de\/#website\"},\"primaryImageOfPage\":{\"@id\":\"https:\/\/www.scarabee.com\/de\/ueber-uns\/#primaryimage\"},\"image\":{\"@id\":\"https:\/\/www.scarabee.com\/de\/ueber-uns\/#primaryimage\"},\"thumbnailUrl\":\"https:\/\/www.scarabee.com\/wp-content\/uploads\/2024\/05\/Scarabee-240425_1_0063.jpg\",\"datePublished\":\"2024-03-01T13:08:03+00:00\",\"dateModified\":\"2025-06-17T11:30:03+00:00\",\"breadcrumb\":{\"@id\":\"https:\/\/www.scarabee.com\/de\/ueber-uns\/#breadcrumb\"},\"inLanguage\":\"de\",\"potentialAction\":[{\"@type\":\"ReadAction\",\"target\":[\"https:\/\/www.scarabee.com\/de\/ueber-uns\/\"]}]},{\"@type\":\"ImageObject\",\"inLanguage\":\"de\",\"@id\":\"https:\/\/www.scarabee.com\/de\/ueber-uns\/#primaryimage\",\"url\":\"https:\/\/www.scarabee.com\/wp-content\/uploads\/2024\/05\/Scarabee-240425_1_0063.jpg\",\"contentUrl\":\"https:\/\/www.scarabee.com\/wp-content\/uploads\/2024\/05\/Scarabee-240425_1_0063.jpg\",\"width\":2500,\"height\":1667},{\"@type\":\"BreadcrumbList\",\"@id\":\"https:\/\/www.scarabee.com\/de\/ueber-uns\/#breadcrumb\",\"itemListElement\":[{\"@type\":\"ListItem\",\"position\":1,\"name\":\"Home\",\"item\":\"https:\/\/www.scarabee.com\/de\/\"},{\"@type\":\"ListItem\",\"position\":2,\"name\":\"\u00dcber uns\"}]},{\"@type\":\"WebSite\",\"@id\":\"https:\/\/www.scarabee.com\/de\/#website\",\"url\":\"https:\/\/www.scarabee.com\/de\/\",\"name\":\"Daifuku Airport Netherlands\",\"description\":\"\",\"potentialAction\":[{\"@type\":\"SearchAction\",\"target\":{\"@type\":\"EntryPoint\",\"urlTemplate\":\"https:\/\/www.scarabee.com\/de\/?s={search_term_string}\"},\"query-input\":{\"@type\":\"PropertyValueSpecification\",\"valueRequired\":true,\"valueName\":\"search_term_string\"}}],\"inLanguage\":\"de\"}]}<\/script>\n<!-- \/ Yoast SEO plugin. -->","yoast_head_json":{"title":"\u00dcber uns | Daifuku Airport Netherlands |","robots":{"index":"index","follow":"follow","max-snippet":"max-snippet:-1","max-image-preview":"max-image-preview:large","max-video-preview":"max-video-preview:-1"},"canonical":"https:\/\/www.scarabee.com\/de\/ueber-uns\/","og_locale":"de_DE","og_type":"article","og_title":"\u00dcber uns | Daifuku Airport Netherlands |","og_description":"Entdecken Sie Scarabee: die Zukunft der Luftfahrt gestalten Scarabee ist ein globales Unternehmen mit \u00fcber 30 Jahren Erfahrung in der Luftfahrtindustrie. Mit strategisch weltweit verteilten B\u00fcros sind wir f\u00fchrend in der Innovation und arbeiten mit den weltweit gr\u00f6\u00dften Flugh\u00e4fen, Fluggesellschaften und Gesch\u00e4ftspartnern zusammen. Unsere Mission ist es, einzigartige, hochmoderne und ma\u00dfgeschneiderte L\u00f6sungen f\u00fcr die Bereiche...","og_url":"https:\/\/www.scarabee.com\/de\/ueber-uns\/","og_site_name":"Daifuku Airport Netherlands","article_modified_time":"2025-06-17T11:30:03+00:00","og_image":[{"width":2500,"height":1667,"url":"https:\/\/www.scarabee.com\/wp-content\/uploads\/2024\/05\/Scarabee-240425_1_0063.jpg","type":"image\/jpeg"}],"twitter_card":"summary_large_image","twitter_misc":{"Gesch\u00e4tzte Lesezeit":"2\u00a0Minuten"},"schema":{"@context":"https:\/\/schema.org","@graph":[{"@type":"WebPage","@id":"https:\/\/www.scarabee.com\/de\/ueber-uns\/","url":"https:\/\/www.scarabee.com\/de\/ueber-uns\/","name":"\u00dcber uns | Daifuku Airport Netherlands |","isPartOf":{"@id":"https:\/\/www.scarabee.com\/de\/#website"},"primaryImageOfPage":{"@id":"https:\/\/www.scarabee.com\/de\/ueber-uns\/#primaryimage"},"image":{"@id":"https:\/\/www.scarabee.com\/de\/ueber-uns\/#primaryimage"},"thumbnailUrl":"https:\/\/www.scarabee.com\/wp-content\/uploads\/2024\/05\/Scarabee-240425_1_0063.jpg","datePublished":"2024-03-01T13:08:03+00:00","dateModified":"2025-06-17T11:30:03+00:00","breadcrumb":{"@id":"https:\/\/www.scarabee.com\/de\/ueber-uns\/#breadcrumb"},"inLanguage":"de","potentialAction":[{"@type":"ReadAction","target":["https:\/\/www.scarabee.com\/de\/ueber-uns\/"]}]},{"@type":"ImageObject","inLanguage":"de","@id":"https:\/\/www.scarabee.com\/de\/ueber-uns\/#primaryimage","url":"https:\/\/www.scarabee.com\/wp-content\/uploads\/2024\/05\/Scarabee-240425_1_0063.jpg","contentUrl":"https:\/\/www.scarabee.com\/wp-content\/uploads\/2024\/05\/Scarabee-240425_1_0063.jpg","width":2500,"height":1667},{"@type":"BreadcrumbList","@id":"https:\/\/www.scarabee.com\/de\/ueber-uns\/#breadcrumb","itemListElement":[{"@type":"ListItem","position":1,"name":"Home","item":"https:\/\/www.scarabee.com\/de\/"},{"@type":"ListItem","position":2,"name":"\u00dcber uns"}]},{"@type":"WebSite","@id":"https:\/\/www.scarabee.com\/de\/#website","url":"https:\/\/www.scarabee.com\/de\/","name":"Daifuku Airport Netherlands","description":"","potentialAction":[{"@type":"SearchAction","target":{"@type":"EntryPoint","urlTemplate":"https:\/\/www.scarabee.com\/de\/?s={search_term_string}"},"query-input":{"@type":"PropertyValueSpecification","valueRequired":true,"valueName":"search_term_string"}}],"inLanguage":"de"}]}},"uagb_featured_image_src":{"full":["https:\/\/www.scarabee.com\/wp-content\/uploads\/2024\/05\/Scarabee-240425_1_0063.jpg",2500,1667,false],"thumbnail":["https:\/\/www.scarabee.com\/wp-content\/uploads\/2024\/05\/Scarabee-240425_1_0063-150x150.jpg",150,150,true],"medium":["https:\/\/www.scarabee.com\/wp-content\/uploads\/2024\/05\/Scarabee-240425_1_0063-300x200.jpg",300,200,true],"medium_large":["https:\/\/www.scarabee.com\/wp-content\/uploads\/2024\/05\/Scarabee-240425_1_0063-768x512.jpg",640,427,true],"large":["https:\/\/www.scarabee.com\/wp-content\/uploads\/2024\/05\/Scarabee-240425_1_0063-1024x683.jpg",640,427,true],"1536x1536":["https:\/\/www.scarabee.com\/wp-content\/uploads\/2024\/05\/Scarabee-240425_1_0063-1536x1024.jpg",1536,1024,true],"2048x2048":["https:\/\/www.scarabee.com\/wp-content\/uploads\/2024\/05\/Scarabee-240425_1_0063-2048x1366.jpg",2048,1366,true],"480w":["https:\/\/www.scarabee.com\/wp-content\/uploads\/2024\/05\/Scarabee-240425_1_0063-480x320.jpg",480,320,true],"480square":["https:\/\/www.scarabee.com\/wp-content\/uploads\/2024\/05\/Scarabee-240425_1_0063-480x480.jpg",480,480,true],"collapse":["https:\/\/www.scarabee.com\/wp-content\/uploads\/2024\/05\/Scarabee-240425_1_0063-960x800.jpg",960,800,true],"640w":["https:\/\/www.scarabee.com\/wp-content\/uploads\/2024\/05\/Scarabee-240425_1_0063-640x427.jpg",640,427,true],"900w":["https:\/\/www.scarabee.com\/wp-content\/uploads\/2024\/05\/Scarabee-240425_1_0063-900x600.jpg",900,600,true],"1280w":["https:\/\/www.scarabee.com\/wp-content\/uploads\/2024\/05\/Scarabee-240425_1_0063-1280x854.jpg",1280,854,true],"careers":["https:\/\/www.scarabee.com\/wp-content\/uploads\/2024\/05\/Scarabee-240425_1_0063-1280x600.jpg",1280,600,true],"1440w":["https:\/\/www.scarabee.com\/wp-content\/uploads\/2024\/05\/Scarabee-240425_1_0063-1440x960.jpg",1440,960,true],"1700w":["https:\/\/www.scarabee.com\/wp-content\/uploads\/2024\/05\/Scarabee-240425_1_0063-1700x1134.jpg",1700,1134,true],"gform-image-choice-sm":["https:\/\/www.scarabee.com\/wp-content\/uploads\/2024\/05\/Scarabee-240425_1_0063.jpg",300,200,false],"gform-image-choice-md":["https:\/\/www.scarabee.com\/wp-content\/uploads\/2024\/05\/Scarabee-240425_1_0063.jpg",400,267,false],"gform-image-choice-lg":["https:\/\/www.scarabee.com\/wp-content\/uploads\/2024\/05\/Scarabee-240425_1_0063.jpg",600,400,false]},"uagb_author_info":{"display_name":"blitsadmin","author_link":"https:\/\/www.scarabee.com\/de\/author\/blitsadmin\/"},"uagb_comment_info":0,"uagb_excerpt":"Entdecken Sie Scarabee: die Zukunft der Luftfahrt gestalten Scarabee ist ein globales Unternehmen mit \u00fcber 30 Jahren Erfahrung in der Luftfahrtindustrie. Mit strategisch weltweit verteilten B\u00fcros sind wir f\u00fchrend in der Innovation und arbeiten mit den weltweit gr\u00f6\u00dften Flugh\u00e4fen, Fluggesellschaften und Gesch\u00e4ftspartnern zusammen. Unsere Mission ist es, einzigartige, hochmoderne und ma\u00dfgeschneiderte L\u00f6sungen f\u00fcr die Bereiche...","_links":{"self":[{"href":"https:\/\/www.scarabee.com\/de\/wp-json\/wp\/v2\/pages\/3608","targetHints":{"allow":["GET"]}}],"collection":[{"href":"https:\/\/www.scarabee.com\/de\/wp-json\/wp\/v2\/pages"}],"about":[{"href":"https:\/\/www.scarabee.com\/de\/wp-json\/wp\/v2\/types\/page"}],"author":[{"embeddable":true,"href":"https:\/\/www.scarabee.com\/de\/wp-json\/wp\/v2\/users\/1"}],"replies":[{"embeddable":true,"href":"https:\/\/www.scarabee.com\/de\/wp-json\/wp\/v2\/comments?post=3608"}],"version-history":[{"count":5,"href":"https:\/\/www.scarabee.com\/de\/wp-json\/wp\/v2\/pages\/3608\/revisions"}],"predecessor-version":[{"id":25549,"href":"https:\/\/www.scarabee.com\/de\/wp-json\/wp\/v2\/pages\/3608\/revisions\/25549"}],"wp:featuredmedia":[{"embeddable":true,"href":"https:\/\/www.scarabee.com\/de\/wp-json\/wp\/v2\/media\/2948"}],"wp:attachment":[{"href":"https:\/\/www.scarabee.com\/de\/wp-json\/wp\/v2\/media?parent=3608"}],"curies":[{"name":"wp","href":"https:\/\/api.w.org\/{rel}","templated":true}]}}