{"id":3617,"date":"2024-06-10T09:33:31","date_gmt":"2024-06-10T07:33:31","guid":{"rendered":"https:\/\/www.scarabee.com\/?page_id=3617"},"modified":"2024-09-12T15:31:07","modified_gmt":"2024-09-12T13:31:07","slug":"loesungen","status":"publish","type":"page","link":"https:\/\/www.scarabee.com\/de\/loesungen\/","title":{"rendered":"L\u00f6sungen"},"content":{"rendered":"\n<div class=\"wp-block-media-text has-media-on-the-right is-stacked-on-mobile\" style=\"grid-template-columns:auto 40%\"><div class=\"wp-block-media-text__content\">\n<h2 class=\"wp-block-heading\">Verbessern Sie Ihr Flughafenerlebnis mit der Scarabee Aviation Group<\/h2>\n\n\n\n<p>Das Fliegen in einem Flugzeug ist eine angenehme Erfahrung, aber ist es nicht entt\u00e4uschend, wenn der Boarding-Prozess Sie pl\u00f6tzlich auf den Boden der Tatsachen zur\u00fcckholt? Bei der Scarabee Aviation Group sind wir der Meinung, dass Ihre Reise von der Abreise bis zur Ankunft nahtlos verlaufen sollte. Wir sind spezialisiert auf die Optimierung von Passagierstr\u00f6men, Gep\u00e4ckabfertigung und Sicherheitskontrollen an Flugh\u00e4fen weltweit. Dabei vereinfachen wir die Komplexit\u00e4t moderner Flughafeninfrastrukturen, um die vielf\u00e4ltigen und wachsenden Anforderungen der heutigen Reisenden zu erf\u00fcllen.<\/p>\n\n\n\n<h2 class=\"wp-block-heading\">Unser einzigartiger Ansatz<\/h2>\n\n\n\n<p>In Zusammenarbeit mit Fluggesellschaften, Flugh\u00e4fen und anderen wichtigen Akteuren entwickelt Scarabee ma\u00dfgeschneiderte Flughafenl\u00f6sungen, die den gesamten Lebenszyklus von Flughafendienstleistungen abdecken. Unsere Mission ist es, Flugh\u00e4fen zu helfen, nicht nur Erwartungen zu erf\u00fcllen, sondern diese zu \u00fcbertreffen und das Flughafenerlebnis zu transformieren. Da die Passagierzahlen steigen und ihre Erwartungen sich weiterentwickeln, bieten wir hochmoderne, platzsparende technologische L\u00f6sungen, die den \u201eReiseverlauf eines Passagiers\u201c vereinfachen und unn\u00f6tige Abgrenzungen beseitigen.<\/p>\n\n\n\n<h2 class=\"wp-block-heading\">Passagierzentrierte L\u00f6sungen<\/h2>\n\n\n\n<p>Bei Scarabee steht der Passagier im Mittelpunkt unseres Handelns. Unsere innovativen L\u00f6sungen sorgen daf\u00fcr, dass jeder Aspekt des Flughafenerlebnisses eines Passagiers auf Komfort, Effizienz und Zufriedenheit optimiert wird. Durch den Einsatz modernster Technologien schaffen wir Umgebungen, in denen sich Passagiere m\u00fchelos durch den Flughafen bewegen k\u00f6nnen und die Reise genauso angenehm wird wie der Flug selbst.<\/p>\n<\/div><figure class=\"wp-block-media-text__media\"><img loading=\"lazy\" decoding=\"async\" width=\"1024\" height=\"683\" src=\"https:\/\/www.scarabee.com\/wp-content\/uploads\/2024\/07\/Scarabee-240425_2_0074_aangepast-2024-1024x683.jpg\" alt=\"\" class=\"wp-image-2034 size-full\" srcset=\"https:\/\/www.scarabee.com\/wp-content\/uploads\/2024\/07\/Scarabee-240425_2_0074_aangepast-2024-1024x683.jpg 1024w, https:\/\/www.scarabee.com\/wp-content\/uploads\/2024\/07\/Scarabee-240425_2_0074_aangepast-2024-300x200.jpg 300w, https:\/\/www.scarabee.com\/wp-content\/uploads\/2024\/07\/Scarabee-240425_2_0074_aangepast-2024-768x512.jpg 768w, https:\/\/www.scarabee.com\/wp-content\/uploads\/2024\/07\/Scarabee-240425_2_0074_aangepast-2024-1536x1024.jpg 1536w, https:\/\/www.scarabee.com\/wp-content\/uploads\/2024\/07\/Scarabee-240425_2_0074_aangepast-2024-2048x1366.jpg 2048w, https:\/\/www.scarabee.com\/wp-content\/uploads\/2024\/07\/Scarabee-240425_2_0074_aangepast-2024-480x320.jpg 480w, https:\/\/www.scarabee.com\/wp-content\/uploads\/2024\/07\/Scarabee-240425_2_0074_aangepast-2024-640x427.jpg 640w, https:\/\/www.scarabee.com\/wp-content\/uploads\/2024\/07\/Scarabee-240425_2_0074_aangepast-2024-900x600.jpg 900w, https:\/\/www.scarabee.com\/wp-content\/uploads\/2024\/07\/Scarabee-240425_2_0074_aangepast-2024-1280x854.jpg 1280w, https:\/\/www.scarabee.com\/wp-content\/uploads\/2024\/07\/Scarabee-240425_2_0074_aangepast-2024-1440x960.jpg 1440w, https:\/\/www.scarabee.com\/wp-content\/uploads\/2024\/07\/Scarabee-240425_2_0074_aangepast-2024-1700x1134.jpg 1700w\" sizes=\"auto, (max-width: 1024px) 100vw, 1024px\" \/><\/figure><\/div>\n\n\n\n<div class=\"wp-block-media-text is-stacked-on-mobile\" style=\"grid-template-columns:40% auto\"><figure class=\"wp-block-media-text__media\"><img loading=\"lazy\" decoding=\"async\" width=\"1024\" height=\"683\" src=\"http:\/\/www.scarabee.com\/wp-content\/uploads\/2024\/05\/Scarabee-240422_1_0177-1024x683.jpg\" alt=\"\" class=\"wp-image-863 size-full\" srcset=\"https:\/\/www.scarabee.com\/wp-content\/uploads\/2024\/05\/Scarabee-240422_1_0177-1024x683.jpg 1024w, https:\/\/www.scarabee.com\/wp-content\/uploads\/2024\/05\/Scarabee-240422_1_0177-300x200.jpg 300w, https:\/\/www.scarabee.com\/wp-content\/uploads\/2024\/05\/Scarabee-240422_1_0177-768x512.jpg 768w, https:\/\/www.scarabee.com\/wp-content\/uploads\/2024\/05\/Scarabee-240422_1_0177-1536x1024.jpg 1536w, https:\/\/www.scarabee.com\/wp-content\/uploads\/2024\/05\/Scarabee-240422_1_0177-2048x1366.jpg 2048w, https:\/\/www.scarabee.com\/wp-content\/uploads\/2024\/05\/Scarabee-240422_1_0177-480x320.jpg 480w, https:\/\/www.scarabee.com\/wp-content\/uploads\/2024\/05\/Scarabee-240422_1_0177-640x427.jpg 640w, https:\/\/www.scarabee.com\/wp-content\/uploads\/2024\/05\/Scarabee-240422_1_0177-900x600.jpg 900w, https:\/\/www.scarabee.com\/wp-content\/uploads\/2024\/05\/Scarabee-240422_1_0177-1280x854.jpg 1280w, https:\/\/www.scarabee.com\/wp-content\/uploads\/2024\/05\/Scarabee-240422_1_0177-1440x960.jpg 1440w, https:\/\/www.scarabee.com\/wp-content\/uploads\/2024\/05\/Scarabee-240422_1_0177-1700x1134.jpg 1700w\" sizes=\"auto, (max-width: 1024px) 100vw, 1024px\" \/><\/figure><div class=\"wp-block-media-text__content\">\n<h2 class=\"wp-block-heading\">Bahnbrechende Technologien<\/h2>\n\n\n\n<p>Unsere bahnbrechenden Technologien sind darauf ausgelegt, Platz an Flugh\u00e4fen zu sparen und die Effizienz zu steigern, sodass Flugh\u00e4fen steigende Passagierzahlen bew\u00e4ltigen k\u00f6nnen, ohne die Servicequalit\u00e4t zu beeintr\u00e4chtigen. Von fortschrittlichen Gep\u00e4ckabfertigungssystemen bis hin zu modernsten Sicherheitskontrollen sind unsere L\u00f6sungen darauf ausgelegt, ein reibungsloses und stressfreies Erlebnis zu bieten.<\/p>\n\n\n\n<h2 class=\"wp-block-heading\">Dienstleistungen \u00fcber den gesamten Lebenszyklus<\/h2>\n\n\n\n<p>Das Engagement von Scarabee f\u00fcr Exzellenz geht \u00fcber die anf\u00e4ngliche Implementierung hinaus. Wir bieten umfassende Dienstleistungen \u00fcber den gesamten Lebenszyklus hinweg, um sicherzustellen, dass unsere L\u00f6sungen auch weiterhin die sich wandelnden Bed\u00fcrfnisse von Flugh\u00e4fen und Passagieren erf\u00fcllen. Von der anf\u00e4nglichen Beratung und Planung bis hin zur fortlaufenden Unterst\u00fctzung und Wartung sind wir bestrebt, den langfristigen Erfolg unserer Partner zu f\u00f6rdern.<\/p>\n\n\n\n<h2 class=\"wp-block-heading\">Transformation von Flughafenerlebnissen<\/h2>\n\n\n\n<p>Begleiten Sie uns bei der Transformation des Flughafenerlebnisses. Mit der Scarabee Aviation Group beginnt Ihre Reise in dem Moment, in dem Sie den Flughafen betreten, mit jedem Detail sorgf\u00e4ltig geplant, um ein nahtloses und angenehmes Erlebnis zu gew\u00e4hrleisten. Gemeinsam k\u00f6nnen wir den Standard f\u00fcr das Reisen an Flugh\u00e4fen erh\u00f6hen und die Reise genauso unvergesslich machen wie das Ziel.<\/p>\n\n\n\n<p>W\u00e4hlen Sie Scarabee Aviation Group \u2013 wo Innovation auf Exzellenz trifft und jede \u201ePassagierreise\u201c unsere Priorit\u00e4t ist.<\/p>\n<\/div><\/div>\n","protected":false},"excerpt":{"rendered":"<p>Verbessern Sie Ihr Flughafenerlebnis mit der Scarabee Aviation Group Das Fliegen in einem Flugzeug ist eine angenehme Erfahrung, aber ist es nicht entt\u00e4uschend, wenn der Boarding-Prozess Sie pl\u00f6tzlich auf den Boden der Tatsachen zur\u00fcckholt? Bei der Scarabee Aviation Group sind wir der Meinung, dass Ihre Reise von der Abreise bis zur Ankunft nahtlos verlaufen sollte&#8230;. <\/p>\n","protected":false},"author":1,"featured_media":0,"parent":0,"menu_order":0,"comment_status":"closed","ping_status":"closed","template":"","meta":{"_acf_changed":false,"_uag_custom_page_level_css":"","footnotes":""},"class_list":["post-3617","page","type-page","status-publish","hentry"],"acf":[],"yoast_head":"<!-- This site is optimized with the Yoast SEO plugin v24.4 - https:\/\/yoast.com\/wordpress\/plugins\/seo\/ -->\n<title>L\u00f6sungen | Daifuku Airport Netherlands |<\/title>\n<meta name=\"robots\" content=\"index, follow, max-snippet:-1, max-image-preview:large, max-video-preview:-1\" \/>\n<link rel=\"canonical\" href=\"https:\/\/www.scarabee.com\/de\/loesungen\/\" \/>\n<meta property=\"og:locale\" content=\"de_DE\" \/>\n<meta property=\"og:type\" content=\"article\" \/>\n<meta property=\"og:title\" content=\"L\u00f6sungen | Daifuku Airport Netherlands |\" \/>\n<meta property=\"og:description\" content=\"Verbessern Sie Ihr Flughafenerlebnis mit der Scarabee Aviation Group Das Fliegen in einem Flugzeug ist eine angenehme Erfahrung, aber ist es nicht entt\u00e4uschend, wenn der Boarding-Prozess Sie pl\u00f6tzlich auf den Boden der Tatsachen zur\u00fcckholt? Bei der Scarabee Aviation Group sind wir der Meinung, dass Ihre Reise von der Abreise bis zur Ankunft nahtlos verlaufen sollte....\" \/>\n<meta property=\"og:url\" content=\"https:\/\/www.scarabee.com\/de\/loesungen\/\" \/>\n<meta property=\"og:site_name\" content=\"Daifuku Airport Netherlands\" \/>\n<meta property=\"article:modified_time\" content=\"2024-09-12T13:31:07+00:00\" \/>\n<meta property=\"og:image\" content=\"https:\/\/www.scarabee.com\/wp-content\/uploads\/2024\/07\/Scarabee-240425_2_0074_aangepast-2024-1024x683.jpg\" \/>\n<meta name=\"twitter:card\" content=\"summary_large_image\" \/>\n<meta name=\"twitter:label1\" content=\"Gesch\u00e4tzte Lesezeit\" \/>\n\t<meta name=\"twitter:data1\" content=\"3\u00a0Minuten\" \/>\n<script type=\"application\/ld+json\" class=\"yoast-schema-graph\">{\"@context\":\"https:\/\/schema.org\",\"@graph\":[{\"@type\":\"WebPage\",\"@id\":\"https:\/\/www.scarabee.com\/de\/loesungen\/\",\"url\":\"https:\/\/www.scarabee.com\/de\/loesungen\/\",\"name\":\"L\u00f6sungen | Daifuku Airport Netherlands |\",\"isPartOf\":{\"@id\":\"https:\/\/www.scarabee.com\/de\/#website\"},\"primaryImageOfPage\":{\"@id\":\"https:\/\/www.scarabee.com\/de\/loesungen\/#primaryimage\"},\"image\":{\"@id\":\"https:\/\/www.scarabee.com\/de\/loesungen\/#primaryimage\"},\"thumbnailUrl\":\"https:\/\/www.scarabee.com\/wp-content\/uploads\/2024\/07\/Scarabee-240425_2_0074_aangepast-2024-1024x683.jpg\",\"datePublished\":\"2024-06-10T07:33:31+00:00\",\"dateModified\":\"2024-09-12T13:31:07+00:00\",\"breadcrumb\":{\"@id\":\"https:\/\/www.scarabee.com\/de\/loesungen\/#breadcrumb\"},\"inLanguage\":\"de\",\"potentialAction\":[{\"@type\":\"ReadAction\",\"target\":[\"https:\/\/www.scarabee.com\/de\/loesungen\/\"]}]},{\"@type\":\"ImageObject\",\"inLanguage\":\"de\",\"@id\":\"https:\/\/www.scarabee.com\/de\/loesungen\/#primaryimage\",\"url\":\"https:\/\/www.scarabee.com\/wp-content\/uploads\/2024\/07\/Scarabee-240425_2_0074_aangepast-2024-1024x683.jpg\",\"contentUrl\":\"https:\/\/www.scarabee.com\/wp-content\/uploads\/2024\/07\/Scarabee-240425_2_0074_aangepast-2024-1024x683.jpg\"},{\"@type\":\"BreadcrumbList\",\"@id\":\"https:\/\/www.scarabee.com\/de\/loesungen\/#breadcrumb\",\"itemListElement\":[{\"@type\":\"ListItem\",\"position\":1,\"name\":\"Home\",\"item\":\"https:\/\/www.scarabee.com\/de\/\"},{\"@type\":\"ListItem\",\"position\":2,\"name\":\"L\u00f6sungen\"}]},{\"@type\":\"WebSite\",\"@id\":\"https:\/\/www.scarabee.com\/de\/#website\",\"url\":\"https:\/\/www.scarabee.com\/de\/\",\"name\":\"Daifuku Airport Netherlands\",\"description\":\"\",\"potentialAction\":[{\"@type\":\"SearchAction\",\"target\":{\"@type\":\"EntryPoint\",\"urlTemplate\":\"https:\/\/www.scarabee.com\/de\/?s={search_term_string}\"},\"query-input\":{\"@type\":\"PropertyValueSpecification\",\"valueRequired\":true,\"valueName\":\"search_term_string\"}}],\"inLanguage\":\"de\"}]}<\/script>\n<!-- \/ Yoast SEO plugin. -->","yoast_head_json":{"title":"L\u00f6sungen | Daifuku Airport Netherlands |","robots":{"index":"index","follow":"follow","max-snippet":"max-snippet:-1","max-image-preview":"max-image-preview:large","max-video-preview":"max-video-preview:-1"},"canonical":"https:\/\/www.scarabee.com\/de\/loesungen\/","og_locale":"de_DE","og_type":"article","og_title":"L\u00f6sungen | Daifuku Airport Netherlands |","og_description":"Verbessern Sie Ihr Flughafenerlebnis mit der Scarabee Aviation Group Das Fliegen in einem Flugzeug ist eine angenehme Erfahrung, aber ist es nicht entt\u00e4uschend, wenn der Boarding-Prozess Sie pl\u00f6tzlich auf den Boden der Tatsachen zur\u00fcckholt? Bei der Scarabee Aviation Group sind wir der Meinung, dass Ihre Reise von der Abreise bis zur Ankunft nahtlos verlaufen sollte....","og_url":"https:\/\/www.scarabee.com\/de\/loesungen\/","og_site_name":"Daifuku Airport Netherlands","article_modified_time":"2024-09-12T13:31:07+00:00","og_image":[{"url":"https:\/\/www.scarabee.com\/wp-content\/uploads\/2024\/07\/Scarabee-240425_2_0074_aangepast-2024-1024x683.jpg","type":"","width":"","height":""}],"twitter_card":"summary_large_image","twitter_misc":{"Gesch\u00e4tzte Lesezeit":"3\u00a0Minuten"},"schema":{"@context":"https:\/\/schema.org","@graph":[{"@type":"WebPage","@id":"https:\/\/www.scarabee.com\/de\/loesungen\/","url":"https:\/\/www.scarabee.com\/de\/loesungen\/","name":"L\u00f6sungen | Daifuku Airport Netherlands |","isPartOf":{"@id":"https:\/\/www.scarabee.com\/de\/#website"},"primaryImageOfPage":{"@id":"https:\/\/www.scarabee.com\/de\/loesungen\/#primaryimage"},"image":{"@id":"https:\/\/www.scarabee.com\/de\/loesungen\/#primaryimage"},"thumbnailUrl":"https:\/\/www.scarabee.com\/wp-content\/uploads\/2024\/07\/Scarabee-240425_2_0074_aangepast-2024-1024x683.jpg","datePublished":"2024-06-10T07:33:31+00:00","dateModified":"2024-09-12T13:31:07+00:00","breadcrumb":{"@id":"https:\/\/www.scarabee.com\/de\/loesungen\/#breadcrumb"},"inLanguage":"de","potentialAction":[{"@type":"ReadAction","target":["https:\/\/www.scarabee.com\/de\/loesungen\/"]}]},{"@type":"ImageObject","inLanguage":"de","@id":"https:\/\/www.scarabee.com\/de\/loesungen\/#primaryimage","url":"https:\/\/www.scarabee.com\/wp-content\/uploads\/2024\/07\/Scarabee-240425_2_0074_aangepast-2024-1024x683.jpg","contentUrl":"https:\/\/www.scarabee.com\/wp-content\/uploads\/2024\/07\/Scarabee-240425_2_0074_aangepast-2024-1024x683.jpg"},{"@type":"BreadcrumbList","@id":"https:\/\/www.scarabee.com\/de\/loesungen\/#breadcrumb","itemListElement":[{"@type":"ListItem","position":1,"name":"Home","item":"https:\/\/www.scarabee.com\/de\/"},{"@type":"ListItem","position":2,"name":"L\u00f6sungen"}]},{"@type":"WebSite","@id":"https:\/\/www.scarabee.com\/de\/#website","url":"https:\/\/www.scarabee.com\/de\/","name":"Daifuku Airport Netherlands","description":"","potentialAction":[{"@type":"SearchAction","target":{"@type":"EntryPoint","urlTemplate":"https:\/\/www.scarabee.com\/de\/?s={search_term_string}"},"query-input":{"@type":"PropertyValueSpecification","valueRequired":true,"valueName":"search_term_string"}}],"inLanguage":"de"}]}},"uagb_featured_image_src":{"full":false,"thumbnail":false,"medium":false,"medium_large":false,"large":false,"1536x1536":false,"2048x2048":false,"480w":false,"480square":false,"collapse":false,"640w":false,"900w":false,"1280w":false,"careers":false,"1440w":false,"1700w":false,"gform-image-choice-sm":false,"gform-image-choice-md":false,"gform-image-choice-lg":false},"uagb_author_info":{"display_name":"blitsadmin","author_link":"https:\/\/www.scarabee.com\/de\/author\/blitsadmin\/"},"uagb_comment_info":0,"uagb_excerpt":"Verbessern Sie Ihr Flughafenerlebnis mit der Scarabee Aviation Group Das Fliegen in einem Flugzeug ist eine angenehme Erfahrung, aber ist es nicht entt\u00e4uschend, wenn der Boarding-Prozess Sie pl\u00f6tzlich auf den Boden der Tatsachen zur\u00fcckholt? Bei der Scarabee Aviation Group sind wir der Meinung, dass Ihre Reise von der Abreise bis zur Ankunft nahtlos verlaufen sollte....","_links":{"self":[{"href":"https:\/\/www.scarabee.com\/de\/wp-json\/wp\/v2\/pages\/3617","targetHints":{"allow":["GET"]}}],"collection":[{"href":"https:\/\/www.scarabee.com\/de\/wp-json\/wp\/v2\/pages"}],"about":[{"href":"https:\/\/www.scarabee.com\/de\/wp-json\/wp\/v2\/types\/page"}],"author":[{"embeddable":true,"href":"https:\/\/www.scarabee.com\/de\/wp-json\/wp\/v2\/users\/1"}],"replies":[{"embeddable":true,"href":"https:\/\/www.scarabee.com\/de\/wp-json\/wp\/v2\/comments?post=3617"}],"version-history":[{"count":0,"href":"https:\/\/www.scarabee.com\/de\/wp-json\/wp\/v2\/pages\/3617\/revisions"}],"wp:attachment":[{"href":"https:\/\/www.scarabee.com\/de\/wp-json\/wp\/v2\/media?parent=3617"}],"curies":[{"name":"wp","href":"https:\/\/api.w.org\/{rel}","templated":true}]}}