{"id":3626,"date":"2024-06-14T11:05:35","date_gmt":"2024-06-14T09:05:35","guid":{"rendered":"https:\/\/www.scarabee.com\/?page_id=3626"},"modified":"2024-09-12T15:49:44","modified_gmt":"2024-09-12T13:49:44","slug":"sonderleistungen","status":"publish","type":"page","link":"https:\/\/www.scarabee.com\/de\/sonderleistungen\/","title":{"rendered":"Sonderleistungen"},"content":{"rendered":"\n<div class=\"wp-block-media-text alignwide has-media-on-the-right is-stacked-on-mobile\" style=\"grid-template-columns:auto 40%\"><div class=\"wp-block-media-text__content\">\n<h2 class=\"wp-block-heading\">Scarabee: Effizienzsteigerung f\u00fcr Flugh\u00e4fen<\/h2>\n\n\n\n<p>Bei Scarabee sorgen unsere Wartungsteams daf\u00fcr, dass Flughafensysteme rund um die Uhr betriebsbereit bleiben, indem sie nahtlos Hardware austauschen und Software-Upgrades verwalten. Wir bieten umfassende praxisnahe Schulungsdienste und liefern au\u00dfergew\u00f6hnliche IT-L\u00f6sungen, die speziell auf Flugh\u00e4fen zugeschnitten sind.<\/p>\n\n\n\n<h2 class=\"wp-block-heading\">Erweiterter Support und Schulungen<\/h2>\n\n\n\n<p>Scarabee bietet eine Reihe von Sonderleistungen zur Unterst\u00fctzung von Flugh\u00e4fen und Fluggesellschaften, um die Betriebseffizienz und Zuverl\u00e4ssigkeit zu steigern. In den Niederlanden steht unsere engagierte Support-Organisation rund um die Uhr zur Verf\u00fcgung und bietet ma\u00dfgeschneidertes ITIL-basiertes Service-Management. Durch die kontinuierliche \u00dcberwachung von Hardware und Software gew\u00e4hrleisten wir optimale Leistung, mit Fern- und Vor-Ort-Support-Optionen, die nahtlose Upgrades ohne Betriebsunterbrechungen erm\u00f6glichen.<\/p>\n<\/div><figure class=\"wp-block-media-text__media\"><img loading=\"lazy\" decoding=\"async\" width=\"1024\" height=\"683\" src=\"http:\/\/www.scarabee.com\/wp-content\/uploads\/2024\/05\/Scarabee-240422_1_0056-1024x683.jpg\" alt=\"\" class=\"wp-image-873 size-full\" srcset=\"https:\/\/www.scarabee.com\/wp-content\/uploads\/2024\/05\/Scarabee-240422_1_0056-1024x683.jpg 1024w, https:\/\/www.scarabee.com\/wp-content\/uploads\/2024\/05\/Scarabee-240422_1_0056-300x200.jpg 300w, https:\/\/www.scarabee.com\/wp-content\/uploads\/2024\/05\/Scarabee-240422_1_0056-768x512.jpg 768w, https:\/\/www.scarabee.com\/wp-content\/uploads\/2024\/05\/Scarabee-240422_1_0056-1536x1024.jpg 1536w, https:\/\/www.scarabee.com\/wp-content\/uploads\/2024\/05\/Scarabee-240422_1_0056-2048x1366.jpg 2048w, https:\/\/www.scarabee.com\/wp-content\/uploads\/2024\/05\/Scarabee-240422_1_0056-480x320.jpg 480w, https:\/\/www.scarabee.com\/wp-content\/uploads\/2024\/05\/Scarabee-240422_1_0056-640x427.jpg 640w, https:\/\/www.scarabee.com\/wp-content\/uploads\/2024\/05\/Scarabee-240422_1_0056-900x600.jpg 900w, https:\/\/www.scarabee.com\/wp-content\/uploads\/2024\/05\/Scarabee-240422_1_0056-1280x854.jpg 1280w, https:\/\/www.scarabee.com\/wp-content\/uploads\/2024\/05\/Scarabee-240422_1_0056-1440x960.jpg 1440w, https:\/\/www.scarabee.com\/wp-content\/uploads\/2024\/05\/Scarabee-240422_1_0056-1700x1134.jpg 1700w\" sizes=\"auto, (max-width: 1024px) 100vw, 1024px\" \/><\/figure><\/div>\n\n\n\n<div class=\"wp-block-media-text alignwide is-stacked-on-mobile\" style=\"grid-template-columns:40% auto\"><figure class=\"wp-block-media-text__media\"><img loading=\"lazy\" decoding=\"async\" width=\"1024\" height=\"683\" src=\"http:\/\/www.scarabee.com\/wp-content\/uploads\/2024\/05\/Scarabee-240425_2_0176-1024x683.jpg\" alt=\"\" class=\"wp-image-926 size-full\" srcset=\"https:\/\/www.scarabee.com\/wp-content\/uploads\/2024\/05\/Scarabee-240425_2_0176-1024x683.jpg 1024w, https:\/\/www.scarabee.com\/wp-content\/uploads\/2024\/05\/Scarabee-240425_2_0176-300x200.jpg 300w, https:\/\/www.scarabee.com\/wp-content\/uploads\/2024\/05\/Scarabee-240425_2_0176-768x512.jpg 768w, https:\/\/www.scarabee.com\/wp-content\/uploads\/2024\/05\/Scarabee-240425_2_0176-1536x1024.jpg 1536w, https:\/\/www.scarabee.com\/wp-content\/uploads\/2024\/05\/Scarabee-240425_2_0176-2048x1366.jpg 2048w, https:\/\/www.scarabee.com\/wp-content\/uploads\/2024\/05\/Scarabee-240425_2_0176-480x320.jpg 480w, https:\/\/www.scarabee.com\/wp-content\/uploads\/2024\/05\/Scarabee-240425_2_0176-640x427.jpg 640w, https:\/\/www.scarabee.com\/wp-content\/uploads\/2024\/05\/Scarabee-240425_2_0176-900x600.jpg 900w, https:\/\/www.scarabee.com\/wp-content\/uploads\/2024\/05\/Scarabee-240425_2_0176-1280x854.jpg 1280w, https:\/\/www.scarabee.com\/wp-content\/uploads\/2024\/05\/Scarabee-240425_2_0176-1440x960.jpg 1440w, https:\/\/www.scarabee.com\/wp-content\/uploads\/2024\/05\/Scarabee-240425_2_0176-1700x1134.jpg 1700w\" sizes=\"auto, (max-width: 1024px) 100vw, 1024px\" \/><\/figure><div class=\"wp-block-media-text__content\">\n<h2 class=\"wp-block-heading\">Schulung zur St\u00e4rkung des Personals<\/h2>\n\n\n\n<p>Wir verstehen die Komplexit\u00e4t von Flughafensystemen, deshalb bereiten unsere Ausbilder und Simulationen neue Mitarbeiter gr\u00fcndlich vor. Unsere Schulungsprogramme bef\u00e4higen das Personal, reale Szenarien effektiv zu bew\u00e4ltigen und ein tiefes Verst\u00e4ndnis f\u00fcr die t\u00e4glich genutzten Systeme zu entwickeln.<\/p>\n\n\n\n<h2 class=\"wp-block-heading\">Innovative IT-L\u00f6sungen und Beratung<\/h2>\n\n\n\n<p>Unsere Berater arbeiten mit Kunden zusammen, um hochmoderne IT-Systeme zu entwickeln und Innovationen in den Flughafenbetrieb einzuf\u00fchren. Dar\u00fcber hinaus verwalten wir Oracle-Lizenzen am Flughafen Schiphol, um Compliance und Effizienz zu gew\u00e4hrleisten.<\/p>\n\n\n\n<p>W\u00e4hlen Sie Scarabee f\u00fcr zuverl\u00e4ssigen, innovativen und umfassenden Support, der daf\u00fcr sorgt, dass Ihr Flughafen reibungslos funktioniert.<\/p>\n<\/div><\/div>\n","protected":false},"excerpt":{"rendered":"<p>Scarabee: Effizienzsteigerung f\u00fcr Flugh\u00e4fen Bei Scarabee sorgen unsere Wartungsteams daf\u00fcr, dass Flughafensysteme rund um die Uhr betriebsbereit bleiben, indem sie nahtlos Hardware austauschen und Software-Upgrades verwalten. Wir bieten umfassende praxisnahe Schulungsdienste und liefern au\u00dfergew\u00f6hnliche IT-L\u00f6sungen, die speziell auf Flugh\u00e4fen zugeschnitten sind. Erweiterter Support und Schulungen Scarabee bietet eine Reihe von Sonderleistungen zur Unterst\u00fctzung von Flugh\u00e4fen&#8230; <\/p>\n","protected":false},"author":1,"featured_media":2920,"parent":0,"menu_order":0,"comment_status":"closed","ping_status":"closed","template":"","meta":{"_acf_changed":false,"_uag_custom_page_level_css":"","footnotes":""},"class_list":["post-3626","page","type-page","status-publish","has-post-thumbnail","hentry"],"acf":[],"yoast_head":"<!-- This site is optimized with the Yoast SEO plugin v24.4 - https:\/\/yoast.com\/wordpress\/plugins\/seo\/ -->\n<title>Sonderleistungen | Daifuku Airport Netherlands |<\/title>\n<meta name=\"robots\" content=\"index, follow, max-snippet:-1, max-image-preview:large, max-video-preview:-1\" \/>\n<link rel=\"canonical\" href=\"https:\/\/www.scarabee.com\/de\/sonderleistungen\/\" \/>\n<meta property=\"og:locale\" content=\"de_DE\" \/>\n<meta property=\"og:type\" content=\"article\" \/>\n<meta property=\"og:title\" content=\"Sonderleistungen | Daifuku Airport Netherlands |\" \/>\n<meta property=\"og:description\" content=\"Scarabee: Effizienzsteigerung f\u00fcr Flugh\u00e4fen Bei Scarabee sorgen unsere Wartungsteams daf\u00fcr, dass Flughafensysteme rund um die Uhr betriebsbereit bleiben, indem sie nahtlos Hardware austauschen und Software-Upgrades verwalten. Wir bieten umfassende praxisnahe Schulungsdienste und liefern au\u00dfergew\u00f6hnliche IT-L\u00f6sungen, die speziell auf Flugh\u00e4fen zugeschnitten sind. Erweiterter Support und Schulungen Scarabee bietet eine Reihe von Sonderleistungen zur Unterst\u00fctzung von Flugh\u00e4fen...\" \/>\n<meta property=\"og:url\" content=\"https:\/\/www.scarabee.com\/de\/sonderleistungen\/\" \/>\n<meta property=\"og:site_name\" content=\"Daifuku Airport Netherlands\" \/>\n<meta property=\"article:modified_time\" content=\"2024-09-12T13:49:44+00:00\" \/>\n<meta property=\"og:image\" content=\"https:\/\/www.scarabee.com\/wp-content\/uploads\/2024\/05\/Scarabee-240422_1_0101.jpg\" \/>\n\t<meta property=\"og:image:width\" content=\"2500\" \/>\n\t<meta property=\"og:image:height\" content=\"1667\" \/>\n\t<meta property=\"og:image:type\" content=\"image\/jpeg\" \/>\n<meta name=\"twitter:card\" content=\"summary_large_image\" \/>\n<meta name=\"twitter:label1\" content=\"Gesch\u00e4tzte Lesezeit\" \/>\n\t<meta name=\"twitter:data1\" content=\"2\u00a0Minuten\" \/>\n<script type=\"application\/ld+json\" class=\"yoast-schema-graph\">{\"@context\":\"https:\/\/schema.org\",\"@graph\":[{\"@type\":\"WebPage\",\"@id\":\"https:\/\/www.scarabee.com\/de\/sonderleistungen\/\",\"url\":\"https:\/\/www.scarabee.com\/de\/sonderleistungen\/\",\"name\":\"Sonderleistungen | Daifuku Airport Netherlands |\",\"isPartOf\":{\"@id\":\"https:\/\/www.scarabee.com\/de\/#website\"},\"primaryImageOfPage\":{\"@id\":\"https:\/\/www.scarabee.com\/de\/sonderleistungen\/#primaryimage\"},\"image\":{\"@id\":\"https:\/\/www.scarabee.com\/de\/sonderleistungen\/#primaryimage\"},\"thumbnailUrl\":\"https:\/\/www.scarabee.com\/wp-content\/uploads\/2024\/05\/Scarabee-240422_1_0101.jpg\",\"datePublished\":\"2024-06-14T09:05:35+00:00\",\"dateModified\":\"2024-09-12T13:49:44+00:00\",\"breadcrumb\":{\"@id\":\"https:\/\/www.scarabee.com\/de\/sonderleistungen\/#breadcrumb\"},\"inLanguage\":\"de\",\"potentialAction\":[{\"@type\":\"ReadAction\",\"target\":[\"https:\/\/www.scarabee.com\/de\/sonderleistungen\/\"]}]},{\"@type\":\"ImageObject\",\"inLanguage\":\"de\",\"@id\":\"https:\/\/www.scarabee.com\/de\/sonderleistungen\/#primaryimage\",\"url\":\"https:\/\/www.scarabee.com\/wp-content\/uploads\/2024\/05\/Scarabee-240422_1_0101.jpg\",\"contentUrl\":\"https:\/\/www.scarabee.com\/wp-content\/uploads\/2024\/05\/Scarabee-240422_1_0101.jpg\",\"width\":2500,\"height\":1667},{\"@type\":\"BreadcrumbList\",\"@id\":\"https:\/\/www.scarabee.com\/de\/sonderleistungen\/#breadcrumb\",\"itemListElement\":[{\"@type\":\"ListItem\",\"position\":1,\"name\":\"Home\",\"item\":\"https:\/\/www.scarabee.com\/de\/\"},{\"@type\":\"ListItem\",\"position\":2,\"name\":\"Sonderleistungen\"}]},{\"@type\":\"WebSite\",\"@id\":\"https:\/\/www.scarabee.com\/de\/#website\",\"url\":\"https:\/\/www.scarabee.com\/de\/\",\"name\":\"Daifuku Airport Netherlands\",\"description\":\"\",\"potentialAction\":[{\"@type\":\"SearchAction\",\"target\":{\"@type\":\"EntryPoint\",\"urlTemplate\":\"https:\/\/www.scarabee.com\/de\/?s={search_term_string}\"},\"query-input\":{\"@type\":\"PropertyValueSpecification\",\"valueRequired\":true,\"valueName\":\"search_term_string\"}}],\"inLanguage\":\"de\"}]}<\/script>\n<!-- \/ Yoast SEO plugin. -->","yoast_head_json":{"title":"Sonderleistungen | Daifuku Airport Netherlands |","robots":{"index":"index","follow":"follow","max-snippet":"max-snippet:-1","max-image-preview":"max-image-preview:large","max-video-preview":"max-video-preview:-1"},"canonical":"https:\/\/www.scarabee.com\/de\/sonderleistungen\/","og_locale":"de_DE","og_type":"article","og_title":"Sonderleistungen | Daifuku Airport Netherlands |","og_description":"Scarabee: Effizienzsteigerung f\u00fcr Flugh\u00e4fen Bei Scarabee sorgen unsere Wartungsteams daf\u00fcr, dass Flughafensysteme rund um die Uhr betriebsbereit bleiben, indem sie nahtlos Hardware austauschen und Software-Upgrades verwalten. Wir bieten umfassende praxisnahe Schulungsdienste und liefern au\u00dfergew\u00f6hnliche IT-L\u00f6sungen, die speziell auf Flugh\u00e4fen zugeschnitten sind. Erweiterter Support und Schulungen Scarabee bietet eine Reihe von Sonderleistungen zur Unterst\u00fctzung von Flugh\u00e4fen...","og_url":"https:\/\/www.scarabee.com\/de\/sonderleistungen\/","og_site_name":"Daifuku Airport Netherlands","article_modified_time":"2024-09-12T13:49:44+00:00","og_image":[{"width":2500,"height":1667,"url":"https:\/\/www.scarabee.com\/wp-content\/uploads\/2024\/05\/Scarabee-240422_1_0101.jpg","type":"image\/jpeg"}],"twitter_card":"summary_large_image","twitter_misc":{"Gesch\u00e4tzte Lesezeit":"2\u00a0Minuten"},"schema":{"@context":"https:\/\/schema.org","@graph":[{"@type":"WebPage","@id":"https:\/\/www.scarabee.com\/de\/sonderleistungen\/","url":"https:\/\/www.scarabee.com\/de\/sonderleistungen\/","name":"Sonderleistungen | Daifuku Airport Netherlands |","isPartOf":{"@id":"https:\/\/www.scarabee.com\/de\/#website"},"primaryImageOfPage":{"@id":"https:\/\/www.scarabee.com\/de\/sonderleistungen\/#primaryimage"},"image":{"@id":"https:\/\/www.scarabee.com\/de\/sonderleistungen\/#primaryimage"},"thumbnailUrl":"https:\/\/www.scarabee.com\/wp-content\/uploads\/2024\/05\/Scarabee-240422_1_0101.jpg","datePublished":"2024-06-14T09:05:35+00:00","dateModified":"2024-09-12T13:49:44+00:00","breadcrumb":{"@id":"https:\/\/www.scarabee.com\/de\/sonderleistungen\/#breadcrumb"},"inLanguage":"de","potentialAction":[{"@type":"ReadAction","target":["https:\/\/www.scarabee.com\/de\/sonderleistungen\/"]}]},{"@type":"ImageObject","inLanguage":"de","@id":"https:\/\/www.scarabee.com\/de\/sonderleistungen\/#primaryimage","url":"https:\/\/www.scarabee.com\/wp-content\/uploads\/2024\/05\/Scarabee-240422_1_0101.jpg","contentUrl":"https:\/\/www.scarabee.com\/wp-content\/uploads\/2024\/05\/Scarabee-240422_1_0101.jpg","width":2500,"height":1667},{"@type":"BreadcrumbList","@id":"https:\/\/www.scarabee.com\/de\/sonderleistungen\/#breadcrumb","itemListElement":[{"@type":"ListItem","position":1,"name":"Home","item":"https:\/\/www.scarabee.com\/de\/"},{"@type":"ListItem","position":2,"name":"Sonderleistungen"}]},{"@type":"WebSite","@id":"https:\/\/www.scarabee.com\/de\/#website","url":"https:\/\/www.scarabee.com\/de\/","name":"Daifuku Airport Netherlands","description":"","potentialAction":[{"@type":"SearchAction","target":{"@type":"EntryPoint","urlTemplate":"https:\/\/www.scarabee.com\/de\/?s={search_term_string}"},"query-input":{"@type":"PropertyValueSpecification","valueRequired":true,"valueName":"search_term_string"}}],"inLanguage":"de"}]}},"uagb_featured_image_src":{"full":["https:\/\/www.scarabee.com\/wp-content\/uploads\/2024\/05\/Scarabee-240422_1_0101.jpg",2500,1667,false],"thumbnail":["https:\/\/www.scarabee.com\/wp-content\/uploads\/2024\/05\/Scarabee-240422_1_0101-150x150.jpg",150,150,true],"medium":["https:\/\/www.scarabee.com\/wp-content\/uploads\/2024\/05\/Scarabee-240422_1_0101-300x200.jpg",300,200,true],"medium_large":["https:\/\/www.scarabee.com\/wp-content\/uploads\/2024\/05\/Scarabee-240422_1_0101-768x512.jpg",640,427,true],"large":["https:\/\/www.scarabee.com\/wp-content\/uploads\/2024\/05\/Scarabee-240422_1_0101-1024x683.jpg",640,427,true],"1536x1536":["https:\/\/www.scarabee.com\/wp-content\/uploads\/2024\/05\/Scarabee-240422_1_0101-1536x1024.jpg",1536,1024,true],"2048x2048":["https:\/\/www.scarabee.com\/wp-content\/uploads\/2024\/05\/Scarabee-240422_1_0101-2048x1366.jpg",2048,1366,true],"480w":["https:\/\/www.scarabee.com\/wp-content\/uploads\/2024\/05\/Scarabee-240422_1_0101-480x320.jpg",480,320,true],"480square":["https:\/\/www.scarabee.com\/wp-content\/uploads\/2024\/05\/Scarabee-240422_1_0101-480x480.jpg",480,480,true],"collapse":["https:\/\/www.scarabee.com\/wp-content\/uploads\/2024\/05\/Scarabee-240422_1_0101-960x800.jpg",960,800,true],"640w":["https:\/\/www.scarabee.com\/wp-content\/uploads\/2024\/05\/Scarabee-240422_1_0101-640x427.jpg",640,427,true],"900w":["https:\/\/www.scarabee.com\/wp-content\/uploads\/2024\/05\/Scarabee-240422_1_0101-900x600.jpg",900,600,true],"1280w":["https:\/\/www.scarabee.com\/wp-content\/uploads\/2024\/05\/Scarabee-240422_1_0101-1280x854.jpg",1280,854,true],"careers":["https:\/\/www.scarabee.com\/wp-content\/uploads\/2024\/05\/Scarabee-240422_1_0101-1280x600.jpg",1280,600,true],"1440w":["https:\/\/www.scarabee.com\/wp-content\/uploads\/2024\/05\/Scarabee-240422_1_0101-1440x960.jpg",1440,960,true],"1700w":["https:\/\/www.scarabee.com\/wp-content\/uploads\/2024\/05\/Scarabee-240422_1_0101-1700x1134.jpg",1700,1134,true],"gform-image-choice-sm":["https:\/\/www.scarabee.com\/wp-content\/uploads\/2024\/05\/Scarabee-240422_1_0101.jpg",300,200,false],"gform-image-choice-md":["https:\/\/www.scarabee.com\/wp-content\/uploads\/2024\/05\/Scarabee-240422_1_0101.jpg",400,267,false],"gform-image-choice-lg":["https:\/\/www.scarabee.com\/wp-content\/uploads\/2024\/05\/Scarabee-240422_1_0101.jpg",600,400,false]},"uagb_author_info":{"display_name":"blitsadmin","author_link":"https:\/\/www.scarabee.com\/de\/author\/blitsadmin\/"},"uagb_comment_info":0,"uagb_excerpt":"Scarabee: Effizienzsteigerung f\u00fcr Flugh\u00e4fen Bei Scarabee sorgen unsere Wartungsteams daf\u00fcr, dass Flughafensysteme rund um die Uhr betriebsbereit bleiben, indem sie nahtlos Hardware austauschen und Software-Upgrades verwalten. Wir bieten umfassende praxisnahe Schulungsdienste und liefern au\u00dfergew\u00f6hnliche IT-L\u00f6sungen, die speziell auf Flugh\u00e4fen zugeschnitten sind. Erweiterter Support und Schulungen Scarabee bietet eine Reihe von Sonderleistungen zur Unterst\u00fctzung von Flugh\u00e4fen...","_links":{"self":[{"href":"https:\/\/www.scarabee.com\/de\/wp-json\/wp\/v2\/pages\/3626","targetHints":{"allow":["GET"]}}],"collection":[{"href":"https:\/\/www.scarabee.com\/de\/wp-json\/wp\/v2\/pages"}],"about":[{"href":"https:\/\/www.scarabee.com\/de\/wp-json\/wp\/v2\/types\/page"}],"author":[{"embeddable":true,"href":"https:\/\/www.scarabee.com\/de\/wp-json\/wp\/v2\/users\/1"}],"replies":[{"embeddable":true,"href":"https:\/\/www.scarabee.com\/de\/wp-json\/wp\/v2\/comments?post=3626"}],"version-history":[{"count":0,"href":"https:\/\/www.scarabee.com\/de\/wp-json\/wp\/v2\/pages\/3626\/revisions"}],"wp:featuredmedia":[{"embeddable":true,"href":"https:\/\/www.scarabee.com\/de\/wp-json\/wp\/v2\/media\/2920"}],"wp:attachment":[{"href":"https:\/\/www.scarabee.com\/de\/wp-json\/wp\/v2\/media?parent=3626"}],"curies":[{"name":"wp","href":"https:\/\/api.w.org\/{rel}","templated":true}]}}