{"id":3634,"date":"2024-06-11T14:25:33","date_gmt":"2024-06-11T12:25:33","guid":{"rendered":"https:\/\/www.scarabee.com\/?page_id=3634"},"modified":"2024-09-12T16:49:41","modified_gmt":"2024-09-12T14:49:41","slug":"jasper-van-gend-zum-geschaeftsfuehrer-der-scarabee-aviation-group-ernannt","status":"publish","type":"page","link":"https:\/\/www.scarabee.com\/de\/ueber-uns\/jasper-van-gend-zum-geschaeftsfuehrer-der-scarabee-aviation-group-ernannt\/","title":{"rendered":"Jasper van Gend zum Gesch\u00e4ftsf\u00fchrer der Scarabee Aviation Group ernannt"},"content":{"rendered":"\n<div class=\"wp-block-media-text has-media-on-the-right is-stacked-on-mobile\" style=\"grid-template-columns:auto 40%\"><div class=\"wp-block-media-text__content\">\n<h2 class=\"wp-block-heading\"><strong>Amsterdam, Niederlande<\/strong><\/h2>\n\n\n\n<p>Die Scarabee Aviation Group freut sich, die Ernennung von Jasper van Gend zum Gesch\u00e4ftsf\u00fchrer mit sofortiger Wirkung bekannt zu geben. Diese bedeutende Ernennung markiert ein neues Kapitel f\u00fcr das Unternehmen, das weiterhin innoviert und seine Pr\u00e4senz in der Luftfahrtbranche ausbaut.<\/p>\n\n\n\n<p>Jasper van Gend verf\u00fcgt \u00fcber umfassende Erfahrung und eine nachgewiesene Erfolgsbilanz in F\u00fchrungspositionen im Luftfahrtsektor. Mit seiner Vision und Expertise wird er die Scarabee Aviation Group in neue H\u00f6hen f\u00fchren und das Engagement des Unternehmens f\u00fcr hochmoderne L\u00f6sungen und exzellenten Service f\u00fcr seine weltweiten Kunden weiter st\u00e4rken.<\/p>\n\n\n\n<p>Die Scarabee Aviation Group ist ein f\u00fchrender Anbieter integrierter L\u00f6sungen f\u00fcr Flugh\u00e4fen und Fluggesellschaften und bekannt f\u00fcr ihre innovativen Produkte und Dienstleistungen, die das Passagiererlebnis und die betriebliche Effizienz verbessern.<\/p>\n\n\n\n<p>F\u00fcr weitere Informationen wenden Sie sich bitte an: <a>info@scarabee.com<\/a><\/p>\n<\/div><figure class=\"wp-block-media-text__media\"><img loading=\"lazy\" decoding=\"async\" width=\"1024\" height=\"683\" src=\"http:\/\/www.scarabee.com\/wp-content\/uploads\/2024\/05\/Scarabee-240515_1_0175-1024x683.jpg\" alt=\"\" class=\"wp-image-1019 size-full\" srcset=\"https:\/\/www.scarabee.com\/wp-content\/uploads\/2024\/05\/Scarabee-240515_1_0175-1024x683.jpg 1024w, https:\/\/www.scarabee.com\/wp-content\/uploads\/2024\/05\/Scarabee-240515_1_0175-300x200.jpg 300w, https:\/\/www.scarabee.com\/wp-content\/uploads\/2024\/05\/Scarabee-240515_1_0175-768x512.jpg 768w, https:\/\/www.scarabee.com\/wp-content\/uploads\/2024\/05\/Scarabee-240515_1_0175-1536x1024.jpg 1536w, https:\/\/www.scarabee.com\/wp-content\/uploads\/2024\/05\/Scarabee-240515_1_0175-2048x1366.jpg 2048w, https:\/\/www.scarabee.com\/wp-content\/uploads\/2024\/05\/Scarabee-240515_1_0175-480x320.jpg 480w, https:\/\/www.scarabee.com\/wp-content\/uploads\/2024\/05\/Scarabee-240515_1_0175-640x427.jpg 640w, https:\/\/www.scarabee.com\/wp-content\/uploads\/2024\/05\/Scarabee-240515_1_0175-900x600.jpg 900w, https:\/\/www.scarabee.com\/wp-content\/uploads\/2024\/05\/Scarabee-240515_1_0175-1280x854.jpg 1280w, https:\/\/www.scarabee.com\/wp-content\/uploads\/2024\/05\/Scarabee-240515_1_0175-1440x960.jpg 1440w, https:\/\/www.scarabee.com\/wp-content\/uploads\/2024\/05\/Scarabee-240515_1_0175-1700x1134.jpg 1700w\" sizes=\"auto, (max-width: 1024px) 100vw, 1024px\" \/><\/figure><\/div>\n\n\n\n<h2 class=\"wp-block-heading\"><\/h2>\n","protected":false},"excerpt":{"rendered":"<p>Amsterdam, Niederlande Die Scarabee Aviation Group freut sich, die Ernennung von Jasper van Gend zum Gesch\u00e4ftsf\u00fchrer mit sofortiger Wirkung bekannt zu geben. Diese bedeutende Ernennung markiert ein neues Kapitel f\u00fcr das Unternehmen, das weiterhin innoviert und seine Pr\u00e4senz in der Luftfahrtbranche ausbaut. Jasper van Gend verf\u00fcgt \u00fcber umfassende Erfahrung und eine nachgewiesene Erfolgsbilanz in F\u00fchrungspositionen&#8230; <\/p>\n","protected":false},"author":1,"featured_media":3114,"parent":3608,"menu_order":0,"comment_status":"closed","ping_status":"closed","template":"","meta":{"_acf_changed":false,"_uag_custom_page_level_css":"","footnotes":""},"class_list":["post-3634","page","type-page","status-publish","has-post-thumbnail","hentry"],"acf":[],"yoast_head":"<!-- This site is optimized with the Yoast SEO plugin v24.4 - https:\/\/yoast.com\/wordpress\/plugins\/seo\/ -->\n<title>Jasper van Gend zum Gesch\u00e4ftsf\u00fchrer der Scarabee Aviation Group ernannt | Daifuku Airport Netherlands |<\/title>\n<meta name=\"robots\" content=\"index, follow, max-snippet:-1, max-image-preview:large, max-video-preview:-1\" \/>\n<link rel=\"canonical\" href=\"https:\/\/www.scarabee.com\/de\/ueber-uns\/jasper-van-gend-zum-geschaeftsfuehrer-der-scarabee-aviation-group-ernannt\/\" \/>\n<meta property=\"og:locale\" content=\"de_DE\" \/>\n<meta property=\"og:type\" content=\"article\" \/>\n<meta property=\"og:title\" content=\"Jasper van Gend zum Gesch\u00e4ftsf\u00fchrer der Scarabee Aviation Group ernannt | Daifuku Airport Netherlands |\" \/>\n<meta property=\"og:description\" content=\"Amsterdam, Niederlande Die Scarabee Aviation Group freut sich, die Ernennung von Jasper van Gend zum Gesch\u00e4ftsf\u00fchrer mit sofortiger Wirkung bekannt zu geben. Diese bedeutende Ernennung markiert ein neues Kapitel f\u00fcr das Unternehmen, das weiterhin innoviert und seine Pr\u00e4senz in der Luftfahrtbranche ausbaut. Jasper van Gend verf\u00fcgt \u00fcber umfassende Erfahrung und eine nachgewiesene Erfolgsbilanz in F\u00fchrungspositionen...\" \/>\n<meta property=\"og:url\" content=\"https:\/\/www.scarabee.com\/de\/ueber-uns\/jasper-van-gend-zum-geschaeftsfuehrer-der-scarabee-aviation-group-ernannt\/\" \/>\n<meta property=\"og:site_name\" content=\"Daifuku Airport Netherlands\" \/>\n<meta property=\"article:modified_time\" content=\"2024-09-12T14:49:41+00:00\" \/>\n<meta property=\"og:image\" content=\"https:\/\/www.scarabee.com\/wp-content\/uploads\/2024\/05\/Scarabee-240515_1_0175.jpg\" \/>\n\t<meta property=\"og:image:width\" content=\"2500\" \/>\n\t<meta property=\"og:image:height\" content=\"1667\" \/>\n\t<meta property=\"og:image:type\" content=\"image\/jpeg\" \/>\n<meta name=\"twitter:card\" content=\"summary_large_image\" \/>\n<meta name=\"twitter:label1\" content=\"Gesch\u00e4tzte Lesezeit\" \/>\n\t<meta name=\"twitter:data1\" content=\"1\u00a0Minute\" \/>\n<script type=\"application\/ld+json\" class=\"yoast-schema-graph\">{\"@context\":\"https:\/\/schema.org\",\"@graph\":[{\"@type\":\"WebPage\",\"@id\":\"https:\/\/www.scarabee.com\/de\/ueber-uns\/jasper-van-gend-zum-geschaeftsfuehrer-der-scarabee-aviation-group-ernannt\/\",\"url\":\"https:\/\/www.scarabee.com\/de\/ueber-uns\/jasper-van-gend-zum-geschaeftsfuehrer-der-scarabee-aviation-group-ernannt\/\",\"name\":\"Jasper van Gend zum Gesch\u00e4ftsf\u00fchrer der Scarabee Aviation Group ernannt | Daifuku Airport Netherlands |\",\"isPartOf\":{\"@id\":\"https:\/\/www.scarabee.com\/de\/#website\"},\"primaryImageOfPage\":{\"@id\":\"https:\/\/www.scarabee.com\/de\/ueber-uns\/jasper-van-gend-zum-geschaeftsfuehrer-der-scarabee-aviation-group-ernannt\/#primaryimage\"},\"image\":{\"@id\":\"https:\/\/www.scarabee.com\/de\/ueber-uns\/jasper-van-gend-zum-geschaeftsfuehrer-der-scarabee-aviation-group-ernannt\/#primaryimage\"},\"thumbnailUrl\":\"https:\/\/www.scarabee.com\/wp-content\/uploads\/2024\/05\/Scarabee-240515_1_0175.jpg\",\"datePublished\":\"2024-06-11T12:25:33+00:00\",\"dateModified\":\"2024-09-12T14:49:41+00:00\",\"breadcrumb\":{\"@id\":\"https:\/\/www.scarabee.com\/de\/ueber-uns\/jasper-van-gend-zum-geschaeftsfuehrer-der-scarabee-aviation-group-ernannt\/#breadcrumb\"},\"inLanguage\":\"de\",\"potentialAction\":[{\"@type\":\"ReadAction\",\"target\":[\"https:\/\/www.scarabee.com\/de\/ueber-uns\/jasper-van-gend-zum-geschaeftsfuehrer-der-scarabee-aviation-group-ernannt\/\"]}]},{\"@type\":\"ImageObject\",\"inLanguage\":\"de\",\"@id\":\"https:\/\/www.scarabee.com\/de\/ueber-uns\/jasper-van-gend-zum-geschaeftsfuehrer-der-scarabee-aviation-group-ernannt\/#primaryimage\",\"url\":\"https:\/\/www.scarabee.com\/wp-content\/uploads\/2024\/05\/Scarabee-240515_1_0175.jpg\",\"contentUrl\":\"https:\/\/www.scarabee.com\/wp-content\/uploads\/2024\/05\/Scarabee-240515_1_0175.jpg\",\"width\":2500,\"height\":1667},{\"@type\":\"BreadcrumbList\",\"@id\":\"https:\/\/www.scarabee.com\/de\/ueber-uns\/jasper-van-gend-zum-geschaeftsfuehrer-der-scarabee-aviation-group-ernannt\/#breadcrumb\",\"itemListElement\":[{\"@type\":\"ListItem\",\"position\":1,\"name\":\"Home\",\"item\":\"https:\/\/www.scarabee.com\/de\/\"},{\"@type\":\"ListItem\",\"position\":2,\"name\":\"\u00dcber uns\",\"item\":\"https:\/\/www.scarabee.com\/de\/ueber-uns\/\"},{\"@type\":\"ListItem\",\"position\":3,\"name\":\"Jasper van Gend zum Gesch\u00e4ftsf\u00fchrer der Scarabee Aviation Group ernannt\"}]},{\"@type\":\"WebSite\",\"@id\":\"https:\/\/www.scarabee.com\/de\/#website\",\"url\":\"https:\/\/www.scarabee.com\/de\/\",\"name\":\"Daifuku Airport Netherlands\",\"description\":\"\",\"potentialAction\":[{\"@type\":\"SearchAction\",\"target\":{\"@type\":\"EntryPoint\",\"urlTemplate\":\"https:\/\/www.scarabee.com\/de\/?s={search_term_string}\"},\"query-input\":{\"@type\":\"PropertyValueSpecification\",\"valueRequired\":true,\"valueName\":\"search_term_string\"}}],\"inLanguage\":\"de\"}]}<\/script>\n<!-- \/ Yoast SEO plugin. -->","yoast_head_json":{"title":"Jasper van Gend zum Gesch\u00e4ftsf\u00fchrer der Scarabee Aviation Group ernannt | Daifuku Airport Netherlands |","robots":{"index":"index","follow":"follow","max-snippet":"max-snippet:-1","max-image-preview":"max-image-preview:large","max-video-preview":"max-video-preview:-1"},"canonical":"https:\/\/www.scarabee.com\/de\/ueber-uns\/jasper-van-gend-zum-geschaeftsfuehrer-der-scarabee-aviation-group-ernannt\/","og_locale":"de_DE","og_type":"article","og_title":"Jasper van Gend zum Gesch\u00e4ftsf\u00fchrer der Scarabee Aviation Group ernannt | Daifuku Airport Netherlands |","og_description":"Amsterdam, Niederlande Die Scarabee Aviation Group freut sich, die Ernennung von Jasper van Gend zum Gesch\u00e4ftsf\u00fchrer mit sofortiger Wirkung bekannt zu geben. Diese bedeutende Ernennung markiert ein neues Kapitel f\u00fcr das Unternehmen, das weiterhin innoviert und seine Pr\u00e4senz in der Luftfahrtbranche ausbaut. Jasper van Gend verf\u00fcgt \u00fcber umfassende Erfahrung und eine nachgewiesene Erfolgsbilanz in F\u00fchrungspositionen...","og_url":"https:\/\/www.scarabee.com\/de\/ueber-uns\/jasper-van-gend-zum-geschaeftsfuehrer-der-scarabee-aviation-group-ernannt\/","og_site_name":"Daifuku Airport Netherlands","article_modified_time":"2024-09-12T14:49:41+00:00","og_image":[{"width":2500,"height":1667,"url":"https:\/\/www.scarabee.com\/wp-content\/uploads\/2024\/05\/Scarabee-240515_1_0175.jpg","type":"image\/jpeg"}],"twitter_card":"summary_large_image","twitter_misc":{"Gesch\u00e4tzte Lesezeit":"1\u00a0Minute"},"schema":{"@context":"https:\/\/schema.org","@graph":[{"@type":"WebPage","@id":"https:\/\/www.scarabee.com\/de\/ueber-uns\/jasper-van-gend-zum-geschaeftsfuehrer-der-scarabee-aviation-group-ernannt\/","url":"https:\/\/www.scarabee.com\/de\/ueber-uns\/jasper-van-gend-zum-geschaeftsfuehrer-der-scarabee-aviation-group-ernannt\/","name":"Jasper van Gend zum Gesch\u00e4ftsf\u00fchrer der Scarabee Aviation Group ernannt | Daifuku Airport Netherlands |","isPartOf":{"@id":"https:\/\/www.scarabee.com\/de\/#website"},"primaryImageOfPage":{"@id":"https:\/\/www.scarabee.com\/de\/ueber-uns\/jasper-van-gend-zum-geschaeftsfuehrer-der-scarabee-aviation-group-ernannt\/#primaryimage"},"image":{"@id":"https:\/\/www.scarabee.com\/de\/ueber-uns\/jasper-van-gend-zum-geschaeftsfuehrer-der-scarabee-aviation-group-ernannt\/#primaryimage"},"thumbnailUrl":"https:\/\/www.scarabee.com\/wp-content\/uploads\/2024\/05\/Scarabee-240515_1_0175.jpg","datePublished":"2024-06-11T12:25:33+00:00","dateModified":"2024-09-12T14:49:41+00:00","breadcrumb":{"@id":"https:\/\/www.scarabee.com\/de\/ueber-uns\/jasper-van-gend-zum-geschaeftsfuehrer-der-scarabee-aviation-group-ernannt\/#breadcrumb"},"inLanguage":"de","potentialAction":[{"@type":"ReadAction","target":["https:\/\/www.scarabee.com\/de\/ueber-uns\/jasper-van-gend-zum-geschaeftsfuehrer-der-scarabee-aviation-group-ernannt\/"]}]},{"@type":"ImageObject","inLanguage":"de","@id":"https:\/\/www.scarabee.com\/de\/ueber-uns\/jasper-van-gend-zum-geschaeftsfuehrer-der-scarabee-aviation-group-ernannt\/#primaryimage","url":"https:\/\/www.scarabee.com\/wp-content\/uploads\/2024\/05\/Scarabee-240515_1_0175.jpg","contentUrl":"https:\/\/www.scarabee.com\/wp-content\/uploads\/2024\/05\/Scarabee-240515_1_0175.jpg","width":2500,"height":1667},{"@type":"BreadcrumbList","@id":"https:\/\/www.scarabee.com\/de\/ueber-uns\/jasper-van-gend-zum-geschaeftsfuehrer-der-scarabee-aviation-group-ernannt\/#breadcrumb","itemListElement":[{"@type":"ListItem","position":1,"name":"Home","item":"https:\/\/www.scarabee.com\/de\/"},{"@type":"ListItem","position":2,"name":"\u00dcber uns","item":"https:\/\/www.scarabee.com\/de\/ueber-uns\/"},{"@type":"ListItem","position":3,"name":"Jasper van Gend zum Gesch\u00e4ftsf\u00fchrer der Scarabee Aviation Group ernannt"}]},{"@type":"WebSite","@id":"https:\/\/www.scarabee.com\/de\/#website","url":"https:\/\/www.scarabee.com\/de\/","name":"Daifuku Airport Netherlands","description":"","potentialAction":[{"@type":"SearchAction","target":{"@type":"EntryPoint","urlTemplate":"https:\/\/www.scarabee.com\/de\/?s={search_term_string}"},"query-input":{"@type":"PropertyValueSpecification","valueRequired":true,"valueName":"search_term_string"}}],"inLanguage":"de"}]}},"uagb_featured_image_src":{"full":["https:\/\/www.scarabee.com\/wp-content\/uploads\/2024\/05\/Scarabee-240515_1_0175.jpg",2500,1667,false],"thumbnail":["https:\/\/www.scarabee.com\/wp-content\/uploads\/2024\/05\/Scarabee-240515_1_0175-150x150.jpg",150,150,true],"medium":["https:\/\/www.scarabee.com\/wp-content\/uploads\/2024\/05\/Scarabee-240515_1_0175-300x200.jpg",300,200,true],"medium_large":["https:\/\/www.scarabee.com\/wp-content\/uploads\/2024\/05\/Scarabee-240515_1_0175-768x512.jpg",640,427,true],"large":["https:\/\/www.scarabee.com\/wp-content\/uploads\/2024\/05\/Scarabee-240515_1_0175-1024x683.jpg",640,427,true],"1536x1536":["https:\/\/www.scarabee.com\/wp-content\/uploads\/2024\/05\/Scarabee-240515_1_0175-1536x1024.jpg",1536,1024,true],"2048x2048":["https:\/\/www.scarabee.com\/wp-content\/uploads\/2024\/05\/Scarabee-240515_1_0175-2048x1366.jpg",2048,1366,true],"480w":["https:\/\/www.scarabee.com\/wp-content\/uploads\/2024\/05\/Scarabee-240515_1_0175-480x320.jpg",480,320,true],"480square":["https:\/\/www.scarabee.com\/wp-content\/uploads\/2024\/05\/Scarabee-240515_1_0175-480x480.jpg",480,480,true],"collapse":["https:\/\/www.scarabee.com\/wp-content\/uploads\/2024\/05\/Scarabee-240515_1_0175-960x800.jpg",960,800,true],"640w":["https:\/\/www.scarabee.com\/wp-content\/uploads\/2024\/05\/Scarabee-240515_1_0175-640x427.jpg",640,427,true],"900w":["https:\/\/www.scarabee.com\/wp-content\/uploads\/2024\/05\/Scarabee-240515_1_0175-900x600.jpg",900,600,true],"1280w":["https:\/\/www.scarabee.com\/wp-content\/uploads\/2024\/05\/Scarabee-240515_1_0175-1280x854.jpg",1280,854,true],"careers":["https:\/\/www.scarabee.com\/wp-content\/uploads\/2024\/05\/Scarabee-240515_1_0175-1280x600.jpg",1280,600,true],"1440w":["https:\/\/www.scarabee.com\/wp-content\/uploads\/2024\/05\/Scarabee-240515_1_0175-1440x960.jpg",1440,960,true],"1700w":["https:\/\/www.scarabee.com\/wp-content\/uploads\/2024\/05\/Scarabee-240515_1_0175-1700x1134.jpg",1700,1134,true],"gform-image-choice-sm":["https:\/\/www.scarabee.com\/wp-content\/uploads\/2024\/05\/Scarabee-240515_1_0175.jpg",300,200,false],"gform-image-choice-md":["https:\/\/www.scarabee.com\/wp-content\/uploads\/2024\/05\/Scarabee-240515_1_0175.jpg",400,267,false],"gform-image-choice-lg":["https:\/\/www.scarabee.com\/wp-content\/uploads\/2024\/05\/Scarabee-240515_1_0175.jpg",600,400,false]},"uagb_author_info":{"display_name":"blitsadmin","author_link":"https:\/\/www.scarabee.com\/de\/author\/blitsadmin\/"},"uagb_comment_info":0,"uagb_excerpt":"Amsterdam, Niederlande Die Scarabee Aviation Group freut sich, die Ernennung von Jasper van Gend zum Gesch\u00e4ftsf\u00fchrer mit sofortiger Wirkung bekannt zu geben. Diese bedeutende Ernennung markiert ein neues Kapitel f\u00fcr das Unternehmen, das weiterhin innoviert und seine Pr\u00e4senz in der Luftfahrtbranche ausbaut. Jasper van Gend verf\u00fcgt \u00fcber umfassende Erfahrung und eine nachgewiesene Erfolgsbilanz in F\u00fchrungspositionen...","_links":{"self":[{"href":"https:\/\/www.scarabee.com\/de\/wp-json\/wp\/v2\/pages\/3634","targetHints":{"allow":["GET"]}}],"collection":[{"href":"https:\/\/www.scarabee.com\/de\/wp-json\/wp\/v2\/pages"}],"about":[{"href":"https:\/\/www.scarabee.com\/de\/wp-json\/wp\/v2\/types\/page"}],"author":[{"embeddable":true,"href":"https:\/\/www.scarabee.com\/de\/wp-json\/wp\/v2\/users\/1"}],"replies":[{"embeddable":true,"href":"https:\/\/www.scarabee.com\/de\/wp-json\/wp\/v2\/comments?post=3634"}],"version-history":[{"count":0,"href":"https:\/\/www.scarabee.com\/de\/wp-json\/wp\/v2\/pages\/3634\/revisions"}],"up":[{"embeddable":true,"href":"https:\/\/www.scarabee.com\/de\/wp-json\/wp\/v2\/pages\/3608"}],"wp:featuredmedia":[{"embeddable":true,"href":"https:\/\/www.scarabee.com\/de\/wp-json\/wp\/v2\/media\/3114"}],"wp:attachment":[{"href":"https:\/\/www.scarabee.com\/de\/wp-json\/wp\/v2\/media?parent=3634"}],"curies":[{"name":"wp","href":"https:\/\/api.w.org\/{rel}","templated":true}]}}