{"id":3648,"date":"2024-06-14T12:42:14","date_gmt":"2024-06-14T10:42:14","guid":{"rendered":"https:\/\/www.scarabee.com\/?page_id=3648"},"modified":"2024-09-12T17:13:08","modified_gmt":"2024-09-12T15:13:08","slug":"fruehwarnsystem-reduziert-engpaesse-am-flughafen","status":"publish","type":"page","link":"https:\/\/www.scarabee.com\/de\/fruehwarnsystem-reduziert-engpaesse-am-flughafen\/","title":{"rendered":"Fr\u00fchwarnsystem reduziert Engp\u00e4sse am Flughafen"},"content":{"rendered":"\n<div class=\"wp-block-media-text alignwide has-media-on-the-right is-stacked-on-mobile\" style=\"grid-template-columns:auto 40%\"><div class=\"wp-block-media-text__content\">\n<h2 class=\"wp-block-heading\">Wie Flugh\u00e4fen dazu beitragen k\u00f6nnen, dass Passagiere und Gep\u00e4ck rechtzeitig das Flugzeug erreichen<\/h2>\n\n\n\n<p>In der schnelllebigen Umgebung moderner Flugh\u00e4fen ist es entscheidend, dass Passagiere und ihr Gep\u00e4ck p\u00fcnktlich das Flugzeug erreichen. Scarabee, ein f\u00fchrender Anbieter von technologischen L\u00f6sungen f\u00fcr Flugh\u00e4fen, bietet einen hochmodernen Ansatz f\u00fcr diese Herausforderung. Durch die Gestaltung, Entwicklung und Implementierung fortschrittlicher Dashboards zur \u00dcberwachung der Passagier- und Gep\u00e4ckleistung bietet Scarabee eine Echtzeit\u00fcberwachung, die die Betriebseffizienz und die Zufriedenheit der Passagiere verbessert.<\/p>\n\n\n\n<h2 class=\"wp-block-heading\">Echtzeit\u00fcberwachung f\u00fcr reibungslose Abl\u00e4ufe<\/h2>\n\n\n\n<p>Die Performance-Dashboards von Scarabee bieten den Betreibern einen umfassenden \u00dcberblick \u00fcber die Passagier- und Gep\u00e4ckstr\u00f6me. Diese Dashboards werden in Zusammenarbeit mit den Endbenutzern entwickelt, um sicherzustellen, dass sie intuitiv und effektiv sind. Durch die Visualisierung der Passagierbewegungen und das Erkennen potenzieller Engp\u00e4sse k\u00f6nnen Betreiber proaktive Ma\u00dfnahmen ergreifen, um einen reibungslosen Ablauf zu gew\u00e4hrleisten. Diese Echtzeitinformationen sind entscheidend f\u00fcr die Aufrechterhaltung optimaler Abl\u00e4ufe und die p\u00fcnktliche Abfertigung.<\/p>\n<\/div><figure class=\"wp-block-media-text__media\"><img loading=\"lazy\" decoding=\"async\" width=\"1024\" height=\"683\" src=\"http:\/\/www.scarabee.com\/wp-content\/uploads\/2024\/05\/Scarabee-240425_2_0208-1024x683.jpg\" alt=\"\" class=\"wp-image-927 size-full\" srcset=\"https:\/\/www.scarabee.com\/wp-content\/uploads\/2024\/05\/Scarabee-240425_2_0208-1024x683.jpg 1024w, https:\/\/www.scarabee.com\/wp-content\/uploads\/2024\/05\/Scarabee-240425_2_0208-300x200.jpg 300w, https:\/\/www.scarabee.com\/wp-content\/uploads\/2024\/05\/Scarabee-240425_2_0208-768x512.jpg 768w, https:\/\/www.scarabee.com\/wp-content\/uploads\/2024\/05\/Scarabee-240425_2_0208-1536x1024.jpg 1536w, https:\/\/www.scarabee.com\/wp-content\/uploads\/2024\/05\/Scarabee-240425_2_0208-2048x1366.jpg 2048w, https:\/\/www.scarabee.com\/wp-content\/uploads\/2024\/05\/Scarabee-240425_2_0208-480x320.jpg 480w, https:\/\/www.scarabee.com\/wp-content\/uploads\/2024\/05\/Scarabee-240425_2_0208-640x427.jpg 640w, https:\/\/www.scarabee.com\/wp-content\/uploads\/2024\/05\/Scarabee-240425_2_0208-900x600.jpg 900w, https:\/\/www.scarabee.com\/wp-content\/uploads\/2024\/05\/Scarabee-240425_2_0208-1280x854.jpg 1280w, https:\/\/www.scarabee.com\/wp-content\/uploads\/2024\/05\/Scarabee-240425_2_0208-1440x960.jpg 1440w, https:\/\/www.scarabee.com\/wp-content\/uploads\/2024\/05\/Scarabee-240425_2_0208-1700x1134.jpg 1700w\" sizes=\"auto, (max-width: 1024px) 100vw, 1024px\" \/><\/figure><\/div>\n\n\n\n<div class=\"wp-block-media-text alignwide is-stacked-on-mobile\" style=\"grid-template-columns:40% auto\"><figure class=\"wp-block-media-text__media\"><img loading=\"lazy\" decoding=\"async\" width=\"1024\" height=\"683\" src=\"http:\/\/www.scarabee.com\/wp-content\/uploads\/2024\/05\/Scarabee-240422_1_0056-1024x683.jpg\" alt=\"\" class=\"wp-image-873 size-full\" srcset=\"https:\/\/www.scarabee.com\/wp-content\/uploads\/2024\/05\/Scarabee-240422_1_0056-1024x683.jpg 1024w, https:\/\/www.scarabee.com\/wp-content\/uploads\/2024\/05\/Scarabee-240422_1_0056-300x200.jpg 300w, https:\/\/www.scarabee.com\/wp-content\/uploads\/2024\/05\/Scarabee-240422_1_0056-768x512.jpg 768w, https:\/\/www.scarabee.com\/wp-content\/uploads\/2024\/05\/Scarabee-240422_1_0056-1536x1024.jpg 1536w, https:\/\/www.scarabee.com\/wp-content\/uploads\/2024\/05\/Scarabee-240422_1_0056-2048x1366.jpg 2048w, https:\/\/www.scarabee.com\/wp-content\/uploads\/2024\/05\/Scarabee-240422_1_0056-480x320.jpg 480w, https:\/\/www.scarabee.com\/wp-content\/uploads\/2024\/05\/Scarabee-240422_1_0056-640x427.jpg 640w, https:\/\/www.scarabee.com\/wp-content\/uploads\/2024\/05\/Scarabee-240422_1_0056-900x600.jpg 900w, https:\/\/www.scarabee.com\/wp-content\/uploads\/2024\/05\/Scarabee-240422_1_0056-1280x854.jpg 1280w, https:\/\/www.scarabee.com\/wp-content\/uploads\/2024\/05\/Scarabee-240422_1_0056-1440x960.jpg 1440w, https:\/\/www.scarabee.com\/wp-content\/uploads\/2024\/05\/Scarabee-240422_1_0056-1700x1134.jpg 1700w\" sizes=\"auto, (max-width: 1024px) 100vw, 1024px\" \/><\/figure><div class=\"wp-block-media-text__content\">\n<h2 class=\"wp-block-heading\">Fr\u00fchwarnsystem reduziert Engp\u00e4sse am Flughafen<\/h2>\n\n\n\n<p>Die Zeiten, in denen man sich \u00fcber verloren gegangenes Gep\u00e4ck Sorgen machen musste, sind vorbei. Scarabees innovatives Dashboard \u00fcberwacht das Gep\u00e4ckabfertigungssystem in Echtzeit. Die Betreiber k\u00f6nnen die genaue Anzahl der eingecheckten Gep\u00e4ckst\u00fccke f\u00fcr jeden Flug sehen und die Kapazit\u00e4t jedes Gep\u00e4ckabfertigungsbereichs \u00fcberwachen. Das System verfolgt die Kapazit\u00e4t, die Verarbeitungszeit, den Durchfluss und das Beladen und warnt die Betreiber bei aufkommenden Engp\u00e4ssen. Dar\u00fcber hinaus kann es den Standort fehlgeleiteten Gep\u00e4cks genau bestimmen und Gr\u00fcnde f\u00fcr den Fehler liefern, um eine schnelle L\u00f6sung zu erm\u00f6glichen.<\/p>\n\n\n\n<h2 class=\"wp-block-heading\">Benutzerzentriertes Design f\u00fcr verbesserte Leistung<\/h2>\n\n\n\n<p>Der Erfolg des Performance-Dashboards von Scarabee liegt in seinem benutzerzentrierten Design. Das System wurde mit Input von tats\u00e4chlichen Benutzern entwickelt, getestet und implementiert, um die Bed\u00fcrfnisse der Flughafenbetreiber zu erf\u00fcllen. Dieser kollaborative Ansatz hat zu einer erheblichen Reduzierung von verloren gegangenem oder versp\u00e4tetem Gep\u00e4ck gef\u00fchrt. Die detaillierten Informationen des Dashboards erm\u00f6glichen eine kontinuierliche Verbesserung des gesamten Gep\u00e4ckabfertigungsprozesses, sodass Passagiere und ihr Gep\u00e4ck p\u00fcnktlich ihr Ziel erreichen.<\/p>\n<\/div><\/div>\n\n\n\n<div class=\"wp-block-media-text alignwide has-media-on-the-right is-stacked-on-mobile\" style=\"grid-template-columns:auto 40%\"><div class=\"wp-block-media-text__content\">\n<h2 class=\"wp-block-heading\">Kontinuierliche Verbesserung und Effizienz<\/h2>\n\n\n\n<p>Scarabees Engagement f\u00fcr Innovation und Benutzerzusammenarbeit stellt sicher, dass ihre L\u00f6sungen st\u00e4ndig weiterentwickelt werden. Das Flughafen-Performance-Dashboard bietet nicht nur sofortige Vorteile in Form von weniger Versp\u00e4tungen und verlorenem Gep\u00e4ck, sondern liefert auch wertvolle Daten f\u00fcr kontinuierliche Verbesserungen. Durch die Nutzung dieser Daten k\u00f6nnen Flugh\u00e4fen ihre Prozesse optimieren und die Gesamteffizienz steigern, was sowohl f\u00fcr Passagiere als auch f\u00fcr Betreiber ein besseres Erlebnis bedeutet.<\/p>\n\n\n\n<p>Zusammenfassend l\u00e4sst sich sagen, dass Scarabees Flughafen-Performance-Dashboards die Art und Weise revolutionieren, wie Flugh\u00e4fen Passagier- und Gep\u00e4ckstr\u00f6me verwalten. Mit Echtzeit\u00fcberwachung, Fr\u00fchwarnsystemen und einem benutzerzentrierten Design hilft Scarabee Flugh\u00e4fen weltweit sicherzustellen, dass Passagiere und ihr Gep\u00e4ck jedes Mal p\u00fcnktlich das Flugzeug erreichen.<\/p>\n<\/div><figure class=\"wp-block-media-text__media\"><img loading=\"lazy\" decoding=\"async\" width=\"1024\" height=\"683\" src=\"http:\/\/www.scarabee.com\/wp-content\/uploads\/2024\/05\/Scarabee-240422_1_0032-1024x683.jpg\" alt=\"\" class=\"wp-image-878 size-full\" srcset=\"https:\/\/www.scarabee.com\/wp-content\/uploads\/2024\/05\/Scarabee-240422_1_0032-1024x683.jpg 1024w, https:\/\/www.scarabee.com\/wp-content\/uploads\/2024\/05\/Scarabee-240422_1_0032-300x200.jpg 300w, https:\/\/www.scarabee.com\/wp-content\/uploads\/2024\/05\/Scarabee-240422_1_0032-768x512.jpg 768w, https:\/\/www.scarabee.com\/wp-content\/uploads\/2024\/05\/Scarabee-240422_1_0032-1536x1024.jpg 1536w, https:\/\/www.scarabee.com\/wp-content\/uploads\/2024\/05\/Scarabee-240422_1_0032-2048x1366.jpg 2048w, https:\/\/www.scarabee.com\/wp-content\/uploads\/2024\/05\/Scarabee-240422_1_0032-480x320.jpg 480w, https:\/\/www.scarabee.com\/wp-content\/uploads\/2024\/05\/Scarabee-240422_1_0032-640x427.jpg 640w, https:\/\/www.scarabee.com\/wp-content\/uploads\/2024\/05\/Scarabee-240422_1_0032-900x600.jpg 900w, https:\/\/www.scarabee.com\/wp-content\/uploads\/2024\/05\/Scarabee-240422_1_0032-1280x854.jpg 1280w, https:\/\/www.scarabee.com\/wp-content\/uploads\/2024\/05\/Scarabee-240422_1_0032-1440x960.jpg 1440w, https:\/\/www.scarabee.com\/wp-content\/uploads\/2024\/05\/Scarabee-240422_1_0032-1700x1134.jpg 1700w\" sizes=\"auto, (max-width: 1024px) 100vw, 1024px\" \/><\/figure><\/div>\n","protected":false},"excerpt":{"rendered":"<p>Wie Flugh\u00e4fen dazu beitragen k\u00f6nnen, dass Passagiere und Gep\u00e4ck rechtzeitig das Flugzeug erreichen In der schnelllebigen Umgebung moderner Flugh\u00e4fen ist es entscheidend, dass Passagiere und ihr Gep\u00e4ck p\u00fcnktlich das Flugzeug erreichen. Scarabee, ein f\u00fchrender Anbieter von technologischen L\u00f6sungen f\u00fcr Flugh\u00e4fen, bietet einen hochmodernen Ansatz f\u00fcr diese Herausforderung. Durch die Gestaltung, Entwicklung und Implementierung fortschrittlicher Dashboards&#8230; <\/p>\n","protected":false},"author":1,"featured_media":3038,"parent":0,"menu_order":0,"comment_status":"closed","ping_status":"closed","template":"","meta":{"_acf_changed":false,"_uag_custom_page_level_css":"","footnotes":""},"class_list":["post-3648","page","type-page","status-publish","has-post-thumbnail","hentry"],"acf":[],"yoast_head":"<!-- This site is optimized with the Yoast SEO plugin v24.4 - https:\/\/yoast.com\/wordpress\/plugins\/seo\/ -->\n<title>Fr\u00fchwarnsystem reduziert Engp\u00e4sse am Flughafen | Daifuku Airport Netherlands |<\/title>\n<meta name=\"robots\" content=\"index, follow, max-snippet:-1, max-image-preview:large, max-video-preview:-1\" \/>\n<link rel=\"canonical\" href=\"https:\/\/www.scarabee.com\/de\/fruehwarnsystem-reduziert-engpaesse-am-flughafen\/\" \/>\n<meta property=\"og:locale\" content=\"de_DE\" \/>\n<meta property=\"og:type\" content=\"article\" \/>\n<meta property=\"og:title\" content=\"Fr\u00fchwarnsystem reduziert Engp\u00e4sse am Flughafen | Daifuku Airport Netherlands |\" \/>\n<meta property=\"og:description\" content=\"Wie Flugh\u00e4fen dazu beitragen k\u00f6nnen, dass Passagiere und Gep\u00e4ck rechtzeitig das Flugzeug erreichen In der schnelllebigen Umgebung moderner Flugh\u00e4fen ist es entscheidend, dass Passagiere und ihr Gep\u00e4ck p\u00fcnktlich das Flugzeug erreichen. Scarabee, ein f\u00fchrender Anbieter von technologischen L\u00f6sungen f\u00fcr Flugh\u00e4fen, bietet einen hochmodernen Ansatz f\u00fcr diese Herausforderung. Durch die Gestaltung, Entwicklung und Implementierung fortschrittlicher Dashboards...\" \/>\n<meta property=\"og:url\" content=\"https:\/\/www.scarabee.com\/de\/fruehwarnsystem-reduziert-engpaesse-am-flughafen\/\" \/>\n<meta property=\"og:site_name\" content=\"Daifuku Airport Netherlands\" \/>\n<meta property=\"article:modified_time\" content=\"2024-09-12T15:13:08+00:00\" \/>\n<meta property=\"og:image\" content=\"https:\/\/www.scarabee.com\/wp-content\/uploads\/2024\/05\/Scarabee-240425_2_0254.jpg\" \/>\n\t<meta property=\"og:image:width\" content=\"2500\" \/>\n\t<meta property=\"og:image:height\" content=\"1667\" \/>\n\t<meta property=\"og:image:type\" content=\"image\/jpeg\" \/>\n<meta name=\"twitter:card\" content=\"summary_large_image\" \/>\n<meta name=\"twitter:label1\" content=\"Gesch\u00e4tzte Lesezeit\" \/>\n\t<meta name=\"twitter:data1\" content=\"3\u00a0Minuten\" \/>\n<script type=\"application\/ld+json\" class=\"yoast-schema-graph\">{\"@context\":\"https:\/\/schema.org\",\"@graph\":[{\"@type\":\"WebPage\",\"@id\":\"https:\/\/www.scarabee.com\/de\/fruehwarnsystem-reduziert-engpaesse-am-flughafen\/\",\"url\":\"https:\/\/www.scarabee.com\/de\/fruehwarnsystem-reduziert-engpaesse-am-flughafen\/\",\"name\":\"Fr\u00fchwarnsystem reduziert Engp\u00e4sse am Flughafen | Daifuku Airport Netherlands |\",\"isPartOf\":{\"@id\":\"https:\/\/www.scarabee.com\/de\/#website\"},\"primaryImageOfPage\":{\"@id\":\"https:\/\/www.scarabee.com\/de\/fruehwarnsystem-reduziert-engpaesse-am-flughafen\/#primaryimage\"},\"image\":{\"@id\":\"https:\/\/www.scarabee.com\/de\/fruehwarnsystem-reduziert-engpaesse-am-flughafen\/#primaryimage\"},\"thumbnailUrl\":\"https:\/\/www.scarabee.com\/wp-content\/uploads\/2024\/05\/Scarabee-240425_2_0254.jpg\",\"datePublished\":\"2024-06-14T10:42:14+00:00\",\"dateModified\":\"2024-09-12T15:13:08+00:00\",\"breadcrumb\":{\"@id\":\"https:\/\/www.scarabee.com\/de\/fruehwarnsystem-reduziert-engpaesse-am-flughafen\/#breadcrumb\"},\"inLanguage\":\"de\",\"potentialAction\":[{\"@type\":\"ReadAction\",\"target\":[\"https:\/\/www.scarabee.com\/de\/fruehwarnsystem-reduziert-engpaesse-am-flughafen\/\"]}]},{\"@type\":\"ImageObject\",\"inLanguage\":\"de\",\"@id\":\"https:\/\/www.scarabee.com\/de\/fruehwarnsystem-reduziert-engpaesse-am-flughafen\/#primaryimage\",\"url\":\"https:\/\/www.scarabee.com\/wp-content\/uploads\/2024\/05\/Scarabee-240425_2_0254.jpg\",\"contentUrl\":\"https:\/\/www.scarabee.com\/wp-content\/uploads\/2024\/05\/Scarabee-240425_2_0254.jpg\",\"width\":2500,\"height\":1667},{\"@type\":\"BreadcrumbList\",\"@id\":\"https:\/\/www.scarabee.com\/de\/fruehwarnsystem-reduziert-engpaesse-am-flughafen\/#breadcrumb\",\"itemListElement\":[{\"@type\":\"ListItem\",\"position\":1,\"name\":\"Home\",\"item\":\"https:\/\/www.scarabee.com\/de\/\"},{\"@type\":\"ListItem\",\"position\":2,\"name\":\"Fr\u00fchwarnsystem reduziert Engp\u00e4sse am Flughafen\"}]},{\"@type\":\"WebSite\",\"@id\":\"https:\/\/www.scarabee.com\/de\/#website\",\"url\":\"https:\/\/www.scarabee.com\/de\/\",\"name\":\"Daifuku Airport Netherlands\",\"description\":\"\",\"potentialAction\":[{\"@type\":\"SearchAction\",\"target\":{\"@type\":\"EntryPoint\",\"urlTemplate\":\"https:\/\/www.scarabee.com\/de\/?s={search_term_string}\"},\"query-input\":{\"@type\":\"PropertyValueSpecification\",\"valueRequired\":true,\"valueName\":\"search_term_string\"}}],\"inLanguage\":\"de\"}]}<\/script>\n<!-- \/ Yoast SEO plugin. -->","yoast_head_json":{"title":"Fr\u00fchwarnsystem reduziert Engp\u00e4sse am Flughafen | Daifuku Airport Netherlands |","robots":{"index":"index","follow":"follow","max-snippet":"max-snippet:-1","max-image-preview":"max-image-preview:large","max-video-preview":"max-video-preview:-1"},"canonical":"https:\/\/www.scarabee.com\/de\/fruehwarnsystem-reduziert-engpaesse-am-flughafen\/","og_locale":"de_DE","og_type":"article","og_title":"Fr\u00fchwarnsystem reduziert Engp\u00e4sse am Flughafen | Daifuku Airport Netherlands |","og_description":"Wie Flugh\u00e4fen dazu beitragen k\u00f6nnen, dass Passagiere und Gep\u00e4ck rechtzeitig das Flugzeug erreichen In der schnelllebigen Umgebung moderner Flugh\u00e4fen ist es entscheidend, dass Passagiere und ihr Gep\u00e4ck p\u00fcnktlich das Flugzeug erreichen. Scarabee, ein f\u00fchrender Anbieter von technologischen L\u00f6sungen f\u00fcr Flugh\u00e4fen, bietet einen hochmodernen Ansatz f\u00fcr diese Herausforderung. Durch die Gestaltung, Entwicklung und Implementierung fortschrittlicher Dashboards...","og_url":"https:\/\/www.scarabee.com\/de\/fruehwarnsystem-reduziert-engpaesse-am-flughafen\/","og_site_name":"Daifuku Airport Netherlands","article_modified_time":"2024-09-12T15:13:08+00:00","og_image":[{"width":2500,"height":1667,"url":"https:\/\/www.scarabee.com\/wp-content\/uploads\/2024\/05\/Scarabee-240425_2_0254.jpg","type":"image\/jpeg"}],"twitter_card":"summary_large_image","twitter_misc":{"Gesch\u00e4tzte Lesezeit":"3\u00a0Minuten"},"schema":{"@context":"https:\/\/schema.org","@graph":[{"@type":"WebPage","@id":"https:\/\/www.scarabee.com\/de\/fruehwarnsystem-reduziert-engpaesse-am-flughafen\/","url":"https:\/\/www.scarabee.com\/de\/fruehwarnsystem-reduziert-engpaesse-am-flughafen\/","name":"Fr\u00fchwarnsystem reduziert Engp\u00e4sse am Flughafen | Daifuku Airport Netherlands |","isPartOf":{"@id":"https:\/\/www.scarabee.com\/de\/#website"},"primaryImageOfPage":{"@id":"https:\/\/www.scarabee.com\/de\/fruehwarnsystem-reduziert-engpaesse-am-flughafen\/#primaryimage"},"image":{"@id":"https:\/\/www.scarabee.com\/de\/fruehwarnsystem-reduziert-engpaesse-am-flughafen\/#primaryimage"},"thumbnailUrl":"https:\/\/www.scarabee.com\/wp-content\/uploads\/2024\/05\/Scarabee-240425_2_0254.jpg","datePublished":"2024-06-14T10:42:14+00:00","dateModified":"2024-09-12T15:13:08+00:00","breadcrumb":{"@id":"https:\/\/www.scarabee.com\/de\/fruehwarnsystem-reduziert-engpaesse-am-flughafen\/#breadcrumb"},"inLanguage":"de","potentialAction":[{"@type":"ReadAction","target":["https:\/\/www.scarabee.com\/de\/fruehwarnsystem-reduziert-engpaesse-am-flughafen\/"]}]},{"@type":"ImageObject","inLanguage":"de","@id":"https:\/\/www.scarabee.com\/de\/fruehwarnsystem-reduziert-engpaesse-am-flughafen\/#primaryimage","url":"https:\/\/www.scarabee.com\/wp-content\/uploads\/2024\/05\/Scarabee-240425_2_0254.jpg","contentUrl":"https:\/\/www.scarabee.com\/wp-content\/uploads\/2024\/05\/Scarabee-240425_2_0254.jpg","width":2500,"height":1667},{"@type":"BreadcrumbList","@id":"https:\/\/www.scarabee.com\/de\/fruehwarnsystem-reduziert-engpaesse-am-flughafen\/#breadcrumb","itemListElement":[{"@type":"ListItem","position":1,"name":"Home","item":"https:\/\/www.scarabee.com\/de\/"},{"@type":"ListItem","position":2,"name":"Fr\u00fchwarnsystem reduziert Engp\u00e4sse am Flughafen"}]},{"@type":"WebSite","@id":"https:\/\/www.scarabee.com\/de\/#website","url":"https:\/\/www.scarabee.com\/de\/","name":"Daifuku Airport Netherlands","description":"","potentialAction":[{"@type":"SearchAction","target":{"@type":"EntryPoint","urlTemplate":"https:\/\/www.scarabee.com\/de\/?s={search_term_string}"},"query-input":{"@type":"PropertyValueSpecification","valueRequired":true,"valueName":"search_term_string"}}],"inLanguage":"de"}]}},"uagb_featured_image_src":{"full":["https:\/\/www.scarabee.com\/wp-content\/uploads\/2024\/05\/Scarabee-240425_2_0254.jpg",2500,1667,false],"thumbnail":["https:\/\/www.scarabee.com\/wp-content\/uploads\/2024\/05\/Scarabee-240425_2_0254-150x150.jpg",150,150,true],"medium":["https:\/\/www.scarabee.com\/wp-content\/uploads\/2024\/05\/Scarabee-240425_2_0254-300x200.jpg",300,200,true],"medium_large":["https:\/\/www.scarabee.com\/wp-content\/uploads\/2024\/05\/Scarabee-240425_2_0254-768x512.jpg",640,427,true],"large":["https:\/\/www.scarabee.com\/wp-content\/uploads\/2024\/05\/Scarabee-240425_2_0254-1024x683.jpg",640,427,true],"1536x1536":["https:\/\/www.scarabee.com\/wp-content\/uploads\/2024\/05\/Scarabee-240425_2_0254-1536x1024.jpg",1536,1024,true],"2048x2048":["https:\/\/www.scarabee.com\/wp-content\/uploads\/2024\/05\/Scarabee-240425_2_0254-2048x1366.jpg",2048,1366,true],"480w":["https:\/\/www.scarabee.com\/wp-content\/uploads\/2024\/05\/Scarabee-240425_2_0254-480x320.jpg",480,320,true],"480square":["https:\/\/www.scarabee.com\/wp-content\/uploads\/2024\/05\/Scarabee-240425_2_0254-480x480.jpg",480,480,true],"collapse":["https:\/\/www.scarabee.com\/wp-content\/uploads\/2024\/05\/Scarabee-240425_2_0254-960x800.jpg",960,800,true],"640w":["https:\/\/www.scarabee.com\/wp-content\/uploads\/2024\/05\/Scarabee-240425_2_0254-640x427.jpg",640,427,true],"900w":["https:\/\/www.scarabee.com\/wp-content\/uploads\/2024\/05\/Scarabee-240425_2_0254-900x600.jpg",900,600,true],"1280w":["https:\/\/www.scarabee.com\/wp-content\/uploads\/2024\/05\/Scarabee-240425_2_0254-1280x854.jpg",1280,854,true],"careers":["https:\/\/www.scarabee.com\/wp-content\/uploads\/2024\/05\/Scarabee-240425_2_0254-1280x600.jpg",1280,600,true],"1440w":["https:\/\/www.scarabee.com\/wp-content\/uploads\/2024\/05\/Scarabee-240425_2_0254-1440x960.jpg",1440,960,true],"1700w":["https:\/\/www.scarabee.com\/wp-content\/uploads\/2024\/05\/Scarabee-240425_2_0254-1700x1134.jpg",1700,1134,true],"gform-image-choice-sm":["https:\/\/www.scarabee.com\/wp-content\/uploads\/2024\/05\/Scarabee-240425_2_0254.jpg",300,200,false],"gform-image-choice-md":["https:\/\/www.scarabee.com\/wp-content\/uploads\/2024\/05\/Scarabee-240425_2_0254.jpg",400,267,false],"gform-image-choice-lg":["https:\/\/www.scarabee.com\/wp-content\/uploads\/2024\/05\/Scarabee-240425_2_0254.jpg",600,400,false]},"uagb_author_info":{"display_name":"blitsadmin","author_link":"https:\/\/www.scarabee.com\/de\/author\/blitsadmin\/"},"uagb_comment_info":0,"uagb_excerpt":"Wie Flugh\u00e4fen dazu beitragen k\u00f6nnen, dass Passagiere und Gep\u00e4ck rechtzeitig das Flugzeug erreichen In der schnelllebigen Umgebung moderner Flugh\u00e4fen ist es entscheidend, dass Passagiere und ihr Gep\u00e4ck p\u00fcnktlich das Flugzeug erreichen. Scarabee, ein f\u00fchrender Anbieter von technologischen L\u00f6sungen f\u00fcr Flugh\u00e4fen, bietet einen hochmodernen Ansatz f\u00fcr diese Herausforderung. Durch die Gestaltung, Entwicklung und Implementierung fortschrittlicher Dashboards...","_links":{"self":[{"href":"https:\/\/www.scarabee.com\/de\/wp-json\/wp\/v2\/pages\/3648","targetHints":{"allow":["GET"]}}],"collection":[{"href":"https:\/\/www.scarabee.com\/de\/wp-json\/wp\/v2\/pages"}],"about":[{"href":"https:\/\/www.scarabee.com\/de\/wp-json\/wp\/v2\/types\/page"}],"author":[{"embeddable":true,"href":"https:\/\/www.scarabee.com\/de\/wp-json\/wp\/v2\/users\/1"}],"replies":[{"embeddable":true,"href":"https:\/\/www.scarabee.com\/de\/wp-json\/wp\/v2\/comments?post=3648"}],"version-history":[{"count":0,"href":"https:\/\/www.scarabee.com\/de\/wp-json\/wp\/v2\/pages\/3648\/revisions"}],"wp:featuredmedia":[{"embeddable":true,"href":"https:\/\/www.scarabee.com\/de\/wp-json\/wp\/v2\/media\/3038"}],"wp:attachment":[{"href":"https:\/\/www.scarabee.com\/de\/wp-json\/wp\/v2\/media?parent=3648"}],"curies":[{"name":"wp","href":"https:\/\/api.w.org\/{rel}","templated":true}]}}